{"id":26375,"date":"2025-11-11T20:55:52","date_gmt":"2025-11-11T18:55:52","guid":{"rendered":"https:\/\/www.nordi.ee\/toode\/tool-fierro-must-helehall-pruun\/"},"modified":"2026-04-13T05:05:08","modified_gmt":"2026-04-13T02:05:08","slug":"tool-fierro-must-helehall-pruun","status":"publish","type":"product","link":"https:\/\/www.nordi.ee\/en\/toode\/tool-fierro-must-helehall-pruun\/","title":{"rendered":"Tool FIERRO, must \/ helehall \/ pruun"},"content":{"rendered":"<p>m\u00f5\u00f5tmed: 57\/66\/88\/45 cm, materjal: alumiinium \/ v\u00f5rgu \/ pol\u00fcst\u00fcreen, v\u00e4rv: must \/ hall \/ pruun<\/p>\n","protected":false},"excerpt":{"rendered":"<p>m\u00f5\u00f5tmed: 57\/66\/88\/45 cm, materjal: alumiinium \/ v\u00f5rgu \/ pol\u00fcst\u00fcreen, v\u00e4rv: must \/ hall \/ pruun<\/p>\n","protected":false},"featured_media":12631,"comment_status":"closed","ping_status":"closed","template":"","meta":{"_gspb_post_css":""},"product_brand":[],"product_cat":[208],"product_tag":[],"class_list":{"0":"post-26375","1":"product","2":"type-product","3":"status-publish","4":"has-post-thumbnail","6":"product_cat-aiamoobel","7":"pa_istmekorgus-362","8":"pa_kanga-tuup-vork","9":"pa_korgus-1219","10":"pa_laius-431","11":"pa_laua-suurus-1-person","12":"pa_pakkide-arv-226","13":"pa_raami-varv-must","14":"pa_stiil-kaasaegne","15":"pa_sugavus-999","16":"pa_tooli-materjal-vork","17":"pa_vahelaos-jah","18":"pa_varv-hall","20":"first","21":"instock","22":"sale","23":"purchasable","24":"product-type-simple"},"_links":{"self":[{"href":"https:\/\/www.nordi.ee\/en\/wp-json\/wp\/v2\/product\/26375","targetHints":{"allow":["GET"]}}],"collection":[{"href":"https:\/\/www.nordi.ee\/en\/wp-json\/wp\/v2\/product"}],"about":[{"href":"https:\/\/www.nordi.ee\/en\/wp-json\/wp\/v2\/types\/product"}],"replies":[{"embeddable":true,"href":"https:\/\/www.nordi.ee\/en\/wp-json\/wp\/v2\/comments?post=26375"}],"wp:featuredmedia":[{"embeddable":true,"href":"https:\/\/www.nordi.ee\/en\/wp-json\/wp\/v2\/media\/12631"}],"wp:attachment":[{"href":"https:\/\/www.nordi.ee\/en\/wp-json\/wp\/v2\/media?parent=26375"}],"wp:term":[{"taxonomy":"product_brand","embeddable":true,"href":"https:\/\/www.nordi.ee\/en\/wp-json\/wp\/v2\/product_brand?post=26375"},{"taxonomy":"product_cat","embeddable":true,"href":"https:\/\/www.nordi.ee\/en\/wp-json\/wp\/v2\/product_cat?post=26375"},{"taxonomy":"product_tag","embeddable":true,"href":"https:\/\/www.nordi.ee\/en\/wp-json\/wp\/v2\/product_tag?post=26375"}],"curies":[{"name":"wp","href":"https:\/\/api.w.org\/{rel}","templated":true}]}}