{"id":26370,"date":"2025-11-11T20:55:52","date_gmt":"2025-11-11T18:55:52","guid":{"rendered":"https:\/\/www.nordi.ee\/toode\/soogilaud-fierro-ruudukujuline-pruun-must\/"},"modified":"2026-04-13T05:05:07","modified_gmt":"2026-04-13T02:05:07","slug":"soogilaud-fierro-ruudukujuline-pruun-must","status":"publish","type":"product","link":"https:\/\/www.nordi.ee\/en\/toode\/soogilaud-fierro-ruudukujuline-pruun-must\/","title":{"rendered":"S\u00f6\u00f6gilaud FIERRO, ruudukujuline \/ pruun \/ must"},"content":{"rendered":"<p>m\u00f5\u00f5tmed: 80\/80\/75 cm, materjal: alumiinium \/ pol\u00fcst\u00fcreen, v\u00e4rv: must \/ pruun<\/p>\n","protected":false},"excerpt":{"rendered":"<p>m\u00f5\u00f5tmed: 80\/80\/75 cm, materjal: alumiinium \/ pol\u00fcst\u00fcreen, v\u00e4rv: must \/ pruun<\/p>\n","protected":false},"featured_media":12627,"comment_status":"closed","ping_status":"closed","template":"","meta":{"_gspb_post_css":""},"product_brand":[],"product_cat":[4291,190],"product_tag":[],"class_list":{"0":"post-26370","1":"product","2":"type-product","3":"status-publish","4":"has-post-thumbnail","6":"product_cat-sgilauad","7":"product_cat-soogilauad","8":"pa_korgus-287","9":"pa_laius-353","10":"pa_laua-suurus-4-person","11":"pa_pakkide-arv-226","12":"pa_raami-varv-must","13":"pa_stiil-kaasaegne","14":"pa_sugavus-475","15":"pa_vahelaos-jah","16":"pa_varv-pruun","18":"first","19":"instock","20":"sale","21":"purchasable","22":"product-type-simple"},"_links":{"self":[{"href":"https:\/\/www.nordi.ee\/en\/wp-json\/wp\/v2\/product\/26370","targetHints":{"allow":["GET"]}}],"collection":[{"href":"https:\/\/www.nordi.ee\/en\/wp-json\/wp\/v2\/product"}],"about":[{"href":"https:\/\/www.nordi.ee\/en\/wp-json\/wp\/v2\/types\/product"}],"replies":[{"embeddable":true,"href":"https:\/\/www.nordi.ee\/en\/wp-json\/wp\/v2\/comments?post=26370"}],"wp:featuredmedia":[{"embeddable":true,"href":"https:\/\/www.nordi.ee\/en\/wp-json\/wp\/v2\/media\/12627"}],"wp:attachment":[{"href":"https:\/\/www.nordi.ee\/en\/wp-json\/wp\/v2\/media?parent=26370"}],"wp:term":[{"taxonomy":"product_brand","embeddable":true,"href":"https:\/\/www.nordi.ee\/en\/wp-json\/wp\/v2\/product_brand?post=26370"},{"taxonomy":"product_cat","embeddable":true,"href":"https:\/\/www.nordi.ee\/en\/wp-json\/wp\/v2\/product_cat?post=26370"},{"taxonomy":"product_tag","embeddable":true,"href":"https:\/\/www.nordi.ee\/en\/wp-json\/wp\/v2\/product_tag?post=26370"}],"curies":[{"name":"wp","href":"https:\/\/api.w.org\/{rel}","templated":true}]}}