{"id":26275,"date":"2025-11-11T20:51:04","date_gmt":"2025-11-11T18:51:04","guid":{"rendered":"https:\/\/www.nordi.ee\/toode\/felipe-tugitool-varv-beez\/"},"modified":"2026-04-13T05:05:01","modified_gmt":"2026-04-13T02:05:01","slug":"tugitool-felip-beez","status":"publish","type":"product","link":"https:\/\/www.nordi.ee\/en\/toode\/tugitool-felip-beez\/","title":{"rendered":"Tugitool FELIP, bee\u017e"},"content":{"rendered":"<p>m\u00f5\u00f5tmed: 64\/84-135\/103-76\/48 cm, nurgadiivan, materjal: kangas, v\u00e4rv: bee\u017e<\/p>\n","protected":false},"excerpt":{"rendered":"<p>m\u00f5\u00f5tmed: 64\/84-135\/103-76\/48 cm, nurgadiivan, materjal: kangas, v\u00e4rv: bee\u017e<\/p>\n","protected":false},"featured_media":12591,"comment_status":"closed","ping_status":"closed","template":"","meta":{"_gspb_post_css":""},"product_brand":[],"product_cat":[215,188],"product_tag":[],"class_list":{"0":"post-26275","1":"product","2":"type-product","3":"status-publish","4":"has-post-thumbnail","6":"product_cat-pehme-moobel","7":"product_cat-tugitoolid","8":"pa_istmekorgus-759","9":"pa_jalgade-raami-materjal-polupropuleen","10":"pa_jalgade-raami-varv-must","11":"pa_kanga-tuup-kangas","12":"pa_kanga-varv-beez","13":"pa_korgus-406","14":"pa_laius-314","15":"pa_lisafunktsioonid-recliner-funktsioon","16":"pa_pakkide-arv-226","17":"pa_stiil-traditsiooniline","18":"pa_sugavus-1238","19":"pa_tooli-materjal-kangas","20":"pa_vahelaos-jah","21":"pa_varv-beez","23":"first","24":"instock","25":"sale","26":"purchasable","27":"product-type-simple"},"_links":{"self":[{"href":"https:\/\/www.nordi.ee\/en\/wp-json\/wp\/v2\/product\/26275","targetHints":{"allow":["GET"]}}],"collection":[{"href":"https:\/\/www.nordi.ee\/en\/wp-json\/wp\/v2\/product"}],"about":[{"href":"https:\/\/www.nordi.ee\/en\/wp-json\/wp\/v2\/types\/product"}],"replies":[{"embeddable":true,"href":"https:\/\/www.nordi.ee\/en\/wp-json\/wp\/v2\/comments?post=26275"}],"wp:featuredmedia":[{"embeddable":true,"href":"https:\/\/www.nordi.ee\/en\/wp-json\/wp\/v2\/media\/12591"}],"wp:attachment":[{"href":"https:\/\/www.nordi.ee\/en\/wp-json\/wp\/v2\/media?parent=26275"}],"wp:term":[{"taxonomy":"product_brand","embeddable":true,"href":"https:\/\/www.nordi.ee\/en\/wp-json\/wp\/v2\/product_brand?post=26275"},{"taxonomy":"product_cat","embeddable":true,"href":"https:\/\/www.nordi.ee\/en\/wp-json\/wp\/v2\/product_cat?post=26275"},{"taxonomy":"product_tag","embeddable":true,"href":"https:\/\/www.nordi.ee\/en\/wp-json\/wp\/v2\/product_tag?post=26275"}],"curies":[{"name":"wp","href":"https:\/\/api.w.org\/{rel}","templated":true}]}}