{"id":26102,"date":"2025-11-11T20:43:54","date_gmt":"2025-11-11T18:43:54","guid":{"rendered":"https:\/\/www.nordi.ee\/toode\/pikendatav-soogilaud-fanis-ummargune-naturaalne-must\/"},"modified":"2026-04-13T05:04:49","modified_gmt":"2026-04-13T02:04:49","slug":"pikendatav-soogilaud-fanis-ummargune-naturaalne-must","status":"publish","type":"product","link":"https:\/\/www.nordi.ee\/en\/toode\/pikendatav-soogilaud-fanis-ummargune-naturaalne-must\/","title":{"rendered":"Pikendatav s\u00f6\u00f6gilaud FANIS, \u00fcmmargune \/ naturaalne \/ must"},"content":{"rendered":"<p>m\u00f5\u00f5tmed: 120-160\/120\/78 cm, pikendatav laud, materjal: MDF + looduslik spoon (tamme) \/ pulberkattega teras, v\u00e4rv: pind &#8211; looduslik, jalad &#8211; must \/ looduslik<\/p>\n","protected":false},"excerpt":{"rendered":"<p>m\u00f5\u00f5tmed: 120-160\/120\/78 cm, pikendatav laud, materjal: MDF + looduslik spoon (tamme) \/ pulberkattega teras, v\u00e4rv: pind &#8211; looduslik, jalad &#8211; must \/ looduslik<\/p>\n","protected":false},"featured_media":12525,"comment_status":"closed","ping_status":"open","template":"","meta":{"_gspb_post_css":""},"product_brand":[],"product_cat":[190,167],"product_tag":[],"class_list":{"0":"post-26102","1":"product","2":"type-product","3":"status-publish","4":"has-post-thumbnail","6":"product_cat-soogilauad","7":"product_cat-soogituba","8":"pa_jalgade-arv-547","9":"pa_korgus-766","10":"pa_laius-286","11":"pa_laua-suurus-6-person-4-person","12":"pa_laua-varvus-puit","13":"pa_laua-varvus-tamm","14":"pa_laua-viimistlus-matt","15":"pa_lauaplaadi-kuju-ovaalne","16":"pa_lauaplaadi-kuju-ummargune","17":"pa_lauaplaadi-materjal-spoon","18":"pa_maximum-pikkus-4208","19":"pa_pakkide-arv-466","20":"pa_pikendatav-jah","21":"pa_raami-materjal-metall","22":"pa_stiil-loft","23":"pa_stiil-moodne","24":"pa_sugavus-1832","25":"pa_vahelaos-jah","26":"pa_varv-must","27":"pa_varv-tamm","29":"first","30":"instock","31":"sale","32":"purchasable","33":"product-type-simple"},"_links":{"self":[{"href":"https:\/\/www.nordi.ee\/en\/wp-json\/wp\/v2\/product\/26102","targetHints":{"allow":["GET"]}}],"collection":[{"href":"https:\/\/www.nordi.ee\/en\/wp-json\/wp\/v2\/product"}],"about":[{"href":"https:\/\/www.nordi.ee\/en\/wp-json\/wp\/v2\/types\/product"}],"replies":[{"embeddable":true,"href":"https:\/\/www.nordi.ee\/en\/wp-json\/wp\/v2\/comments?post=26102"}],"wp:featuredmedia":[{"embeddable":true,"href":"https:\/\/www.nordi.ee\/en\/wp-json\/wp\/v2\/media\/12525"}],"wp:attachment":[{"href":"https:\/\/www.nordi.ee\/en\/wp-json\/wp\/v2\/media?parent=26102"}],"wp:term":[{"taxonomy":"product_brand","embeddable":true,"href":"https:\/\/www.nordi.ee\/en\/wp-json\/wp\/v2\/product_brand?post=26102"},{"taxonomy":"product_cat","embeddable":true,"href":"https:\/\/www.nordi.ee\/en\/wp-json\/wp\/v2\/product_cat?post=26102"},{"taxonomy":"product_tag","embeddable":true,"href":"https:\/\/www.nordi.ee\/en\/wp-json\/wp\/v2\/product_tag?post=26102"}],"curies":[{"name":"wp","href":"https:\/\/api.w.org\/{rel}","templated":true}]}}