{"id":25929,"date":"2025-11-11T20:37:51","date_gmt":"2025-11-11T18:37:51","guid":{"rendered":"https:\/\/www.nordi.ee\/toode\/soogilaud-embos\/"},"modified":"2026-04-17T05:03:14","modified_gmt":"2026-04-17T02:03:14","slug":"soogilaud-embos","status":"publish","type":"product","link":"https:\/\/www.nordi.ee\/en\/toode\/soogilaud-embos\/","title":{"rendered":"S\u00f6\u00f6gilaud EMBOS"},"content":{"rendered":"<p>m\u00f5\u00f5tmed: o120\/75 cm, materjal: lakkitud MDF \/ pulberv\u00e4rvitud teras \/ kroomitud teras, v\u00e4rv: peal &#8211; must, jalad &#8211; must \/ kuldne<\/p>\n","protected":false},"excerpt":{"rendered":"<p>m\u00f5\u00f5tmed: o120\/75 cm, materjal: lakkitud MDF \/ pulberv\u00e4rvitud teras \/ kroomitud teras, v\u00e4rv: peal &#8211; must, jalad &#8211; must \/ kuldne<\/p>\n","protected":false},"featured_media":12431,"comment_status":"closed","ping_status":"open","template":"","meta":{"_gspb_post_css":""},"product_brand":[],"product_cat":[190,167],"product_tag":[],"class_list":{"0":"post-25929","1":"product","2":"type-product","3":"status-publish","4":"has-post-thumbnail","6":"product_cat-soogilauad","7":"product_cat-soogituba","8":"pa_jalgade-arv-289","9":"pa_korgus-287","10":"pa_laius-286","11":"pa_laua-suurus-5-person","12":"pa_laua-varvus-must","13":"pa_laua-viimistlus-matt","14":"pa_lauaplaadi-kuju-ummargune","15":"pa_lauaplaadi-materjal-lakitud-mdf","16":"pa_pakkide-arv-295","17":"pa_pikendatav-ei","18":"pa_raami-materjal-metall","19":"pa_stiil-glamuurne","20":"pa_stiil-kaasaegne","21":"pa_sugavus-1832","22":"pa_vahelaos-jah","23":"pa_varv-kuldne","24":"pa_varv-must","26":"first","27":"instock","28":"sale","29":"purchasable","30":"product-type-simple"},"_links":{"self":[{"href":"https:\/\/www.nordi.ee\/en\/wp-json\/wp\/v2\/product\/25929","targetHints":{"allow":["GET"]}}],"collection":[{"href":"https:\/\/www.nordi.ee\/en\/wp-json\/wp\/v2\/product"}],"about":[{"href":"https:\/\/www.nordi.ee\/en\/wp-json\/wp\/v2\/types\/product"}],"replies":[{"embeddable":true,"href":"https:\/\/www.nordi.ee\/en\/wp-json\/wp\/v2\/comments?post=25929"}],"wp:featuredmedia":[{"embeddable":true,"href":"https:\/\/www.nordi.ee\/en\/wp-json\/wp\/v2\/media\/12431"}],"wp:attachment":[{"href":"https:\/\/www.nordi.ee\/en\/wp-json\/wp\/v2\/media?parent=25929"}],"wp:term":[{"taxonomy":"product_brand","embeddable":true,"href":"https:\/\/www.nordi.ee\/en\/wp-json\/wp\/v2\/product_brand?post=25929"},{"taxonomy":"product_cat","embeddable":true,"href":"https:\/\/www.nordi.ee\/en\/wp-json\/wp\/v2\/product_cat?post=25929"},{"taxonomy":"product_tag","embeddable":true,"href":"https:\/\/www.nordi.ee\/en\/wp-json\/wp\/v2\/product_tag?post=25929"}],"curies":[{"name":"wp","href":"https:\/\/api.w.org\/{rel}","templated":true}]}}