{"id":25898,"date":"2025-11-11T20:36:14","date_gmt":"2025-11-11T18:36:14","guid":{"rendered":"https:\/\/www.nordi.ee\/toode\/pikendatav-soogilaud-edward-san-remo-tamm\/"},"modified":"2026-04-13T05:04:28","modified_gmt":"2026-04-13T02:04:28","slug":"pikendatav-soogilaud-edward-san-remo-tamm","status":"publish","type":"product","link":"https:\/\/www.nordi.ee\/en\/toode\/pikendatav-soogilaud-edward-san-remo-tamm\/","title":{"rendered":"Pikendatav S\u00f6\u00f6gilaud EDWARD, san remo tamm"},"content":{"rendered":"<p>laiendatav laud, m\u00f5\u00f5tmed: 120-200\/100\/75 cm, materjal: lakkitud MDF \/ laminaat MDF \/ v\u00e4rvitud teras, v\u00e4rv: valge \/ san remo tamm, jalad &#8211; san remo tamm<\/p>\n","protected":false},"excerpt":{"rendered":"<p>laiendatav laud, m\u00f5\u00f5tmed: 120-200\/100\/75 cm, materjal: lakkitud MDF \/ laminaat MDF \/ v\u00e4rvitud teras, v\u00e4rv: valge \/ san remo tamm, jalad &#8211; san remo tamm<\/p>\n","protected":false},"featured_media":12413,"comment_status":"closed","ping_status":"open","template":"","meta":{"_gspb_post_css":""},"product_brand":[],"product_cat":[190,167],"product_tag":[],"class_list":{"0":"post-25898","1":"product","2":"type-product","3":"status-publish","4":"has-post-thumbnail","6":"product_cat-soogilauad","7":"product_cat-soogituba","8":"pa_jalgade-arv-289","9":"pa_korgus-287","10":"pa_laius-615","11":"pa_laua-suurus-4-person-8-person","12":"pa_laua-varvus-tamm","13":"pa_laua-varvus-valge","14":"pa_laua-viimistlus-laikiv","15":"pa_lauaplaadi-kuju-ovaalne","16":"pa_lauaplaadi-kuju-ummargune","17":"pa_lauaplaadi-materjal-lakitud-mdf","18":"pa_lauaplaadi-materjal-lamineeritud-mdf","19":"pa_maximum-pikkus-4207","20":"pa_pakkide-arv-295","21":"pa_pikendatav-jah","22":"pa_stiil-skandinaavia","23":"pa_sugavus-1832","24":"pa_vahelaos-jah","25":"pa_varv-tamm","26":"pa_varv-valge","28":"first","29":"instock","30":"sale","31":"purchasable","32":"product-type-simple"},"_links":{"self":[{"href":"https:\/\/www.nordi.ee\/en\/wp-json\/wp\/v2\/product\/25898","targetHints":{"allow":["GET"]}}],"collection":[{"href":"https:\/\/www.nordi.ee\/en\/wp-json\/wp\/v2\/product"}],"about":[{"href":"https:\/\/www.nordi.ee\/en\/wp-json\/wp\/v2\/types\/product"}],"replies":[{"embeddable":true,"href":"https:\/\/www.nordi.ee\/en\/wp-json\/wp\/v2\/comments?post=25898"}],"wp:featuredmedia":[{"embeddable":true,"href":"https:\/\/www.nordi.ee\/en\/wp-json\/wp\/v2\/media\/12413"}],"wp:attachment":[{"href":"https:\/\/www.nordi.ee\/en\/wp-json\/wp\/v2\/media?parent=25898"}],"wp:term":[{"taxonomy":"product_brand","embeddable":true,"href":"https:\/\/www.nordi.ee\/en\/wp-json\/wp\/v2\/product_brand?post=25898"},{"taxonomy":"product_cat","embeddable":true,"href":"https:\/\/www.nordi.ee\/en\/wp-json\/wp\/v2\/product_cat?post=25898"},{"taxonomy":"product_tag","embeddable":true,"href":"https:\/\/www.nordi.ee\/en\/wp-json\/wp\/v2\/product_tag?post=25898"}],"curies":[{"name":"wp","href":"https:\/\/api.w.org\/{rel}","templated":true}]}}