{"id":25889,"date":"2025-11-11T20:33:55","date_gmt":"2025-11-11T18:33:55","guid":{"rendered":"https:\/\/www.nordi.ee\/toode\/edward-pikendustabel-varv-mesikask\/"},"modified":"2026-04-13T05:04:27","modified_gmt":"2026-04-13T02:04:27","slug":"pikendatav-soogilaud-edwa","status":"publish","type":"product","link":"https:\/\/www.nordi.ee\/en\/toode\/pikendatav-soogilaud-edwa\/","title":{"rendered":"Pikendatav s\u00f6\u00f6gilaud EDWA"},"content":{"rendered":"<p>laiendatav laud, m\u00f5\u00f5dud: 120-200\/100\/75 cm, materjal: lakitud MDF \/ laminaat MDF \/ v\u00e4rvitud teras, v\u00e4rv: pealis &#8211; valge \/ mehesalve, jalad &#8211; mehesalve<\/p>\n","protected":false},"excerpt":{"rendered":"<p>laiendatav laud, m\u00f5\u00f5dud: 120-200\/100\/75 cm, materjal: lakitud MDF \/ laminaat MDF \/ v\u00e4rvitud teras, v\u00e4rv: pealis &#8211; valge \/ mehesalve, jalad &#8211; mehesalve<\/p>\n","protected":false},"featured_media":12409,"comment_status":"closed","ping_status":"closed","template":"","meta":{"_gspb_post_css":""},"product_brand":[],"product_cat":[190,167],"product_tag":[],"class_list":{"0":"post-25889","1":"product","2":"type-product","3":"status-publish","4":"has-post-thumbnail","6":"product_cat-soogilauad","7":"product_cat-soogituba","8":"pa_jalgade-arv-289","9":"pa_korgus-287","10":"pa_laius-615","11":"pa_laua-suurus-4-person-8-person","12":"pa_laua-varvus-tamm","13":"pa_laua-varvus-valge","14":"pa_laua-viimistlus-laikiv","15":"pa_lauaplaadi-kuju-ovaalne","16":"pa_lauaplaadi-kuju-ummargune","17":"pa_lauaplaadi-materjal-lamineeritud-mdf","18":"pa_maximum-pikkus-4207","19":"pa_pakkide-arv-295","20":"pa_pikendatav-jah","21":"pa_stiil-skandinaavia","22":"pa_sugavus-1832","23":"pa_vahelaos-jah","24":"pa_varv-tamm","25":"pa_varv-valge","27":"first","28":"instock","29":"sale","30":"purchasable","31":"product-type-simple"},"_links":{"self":[{"href":"https:\/\/www.nordi.ee\/en\/wp-json\/wp\/v2\/product\/25889","targetHints":{"allow":["GET"]}}],"collection":[{"href":"https:\/\/www.nordi.ee\/en\/wp-json\/wp\/v2\/product"}],"about":[{"href":"https:\/\/www.nordi.ee\/en\/wp-json\/wp\/v2\/types\/product"}],"replies":[{"embeddable":true,"href":"https:\/\/www.nordi.ee\/en\/wp-json\/wp\/v2\/comments?post=25889"}],"wp:featuredmedia":[{"embeddable":true,"href":"https:\/\/www.nordi.ee\/en\/wp-json\/wp\/v2\/media\/12409"}],"wp:attachment":[{"href":"https:\/\/www.nordi.ee\/en\/wp-json\/wp\/v2\/media?parent=25889"}],"wp:term":[{"taxonomy":"product_brand","embeddable":true,"href":"https:\/\/www.nordi.ee\/en\/wp-json\/wp\/v2\/product_brand?post=25889"},{"taxonomy":"product_cat","embeddable":true,"href":"https:\/\/www.nordi.ee\/en\/wp-json\/wp\/v2\/product_cat?post=25889"},{"taxonomy":"product_tag","embeddable":true,"href":"https:\/\/www.nordi.ee\/en\/wp-json\/wp\/v2\/product_tag?post=25889"}],"curies":[{"name":"wp","href":"https:\/\/api.w.org\/{rel}","templated":true}]}}