{"id":25861,"date":"2025-11-11T20:33:55","date_gmt":"2025-11-11T18:33:55","guid":{"rendered":"https:\/\/www.nordi.ee\/toode\/edgar-laud-peal-kuldne-tamm-jalad-mustad\/"},"modified":"2026-04-13T05:04:24","modified_gmt":"2026-04-13T02:04:24","slug":"soogilaud-edgar-kuldne-tamm","status":"publish","type":"product","link":"https:\/\/www.nordi.ee\/en\/toode\/soogilaud-edgar-kuldne-tamm\/","title":{"rendered":"S\u00f6\u00f6gilaud EDGAR, kuldne tamm"},"content":{"rendered":"<p>m\u00f5\u00f5dud: 100\/76\/55 cm; materjal: laminaat MDF &#8211; melamiin \/ pulberv\u00e4rvitud teras, v\u00e4rv: pealis &#8211; kuldne tamm, jalad &#8211; must<\/p>\n","protected":false},"excerpt":{"rendered":"<p>m\u00f5\u00f5dud: 100\/76\/55 cm; materjal: laminaat MDF &#8211; melamiin \/ pulberv\u00e4rvitud teras, v\u00e4rv: pealis &#8211; kuldne tamm, jalad &#8211; must<\/p>\n","protected":false},"featured_media":12394,"comment_status":"closed","ping_status":"closed","template":"","meta":{"_gspb_post_css":""},"product_brand":[],"product_cat":[190,167],"product_tag":[],"class_list":{"0":"post-25861","1":"product","2":"type-product","3":"status-publish","4":"has-post-thumbnail","6":"product_cat-soogilauad","7":"product_cat-soogituba","8":"pa_jalgade-arv-289","9":"pa_korgus-406","10":"pa_laius-615","11":"pa_laua-suurus-4-person","12":"pa_laua-varvus-tamm","13":"pa_laua-viimistlus-matt","14":"pa_lauaplaadi-kuju-ummargune","15":"pa_lauaplaadi-materjal-lamiiniga-kaetud-mdf","16":"pa_pakkide-arv-295","17":"pa_pikendatav-ei","18":"pa_raami-materjal-metall","19":"pa_stiil-moodne","20":"pa_stiil-loft","21":"pa_sugavus-1180","22":"pa_vahelaos-jah","23":"pa_varv-tamm","24":"pa_varv-must","26":"first","27":"instock","28":"sale","29":"purchasable","30":"product-type-simple"},"_links":{"self":[{"href":"https:\/\/www.nordi.ee\/en\/wp-json\/wp\/v2\/product\/25861","targetHints":{"allow":["GET"]}}],"collection":[{"href":"https:\/\/www.nordi.ee\/en\/wp-json\/wp\/v2\/product"}],"about":[{"href":"https:\/\/www.nordi.ee\/en\/wp-json\/wp\/v2\/types\/product"}],"replies":[{"embeddable":true,"href":"https:\/\/www.nordi.ee\/en\/wp-json\/wp\/v2\/comments?post=25861"}],"wp:featuredmedia":[{"embeddable":true,"href":"https:\/\/www.nordi.ee\/en\/wp-json\/wp\/v2\/media\/12394"}],"wp:attachment":[{"href":"https:\/\/www.nordi.ee\/en\/wp-json\/wp\/v2\/media?parent=25861"}],"wp:term":[{"taxonomy":"product_brand","embeddable":true,"href":"https:\/\/www.nordi.ee\/en\/wp-json\/wp\/v2\/product_brand?post=25861"},{"taxonomy":"product_cat","embeddable":true,"href":"https:\/\/www.nordi.ee\/en\/wp-json\/wp\/v2\/product_cat?post=25861"},{"taxonomy":"product_tag","embeddable":true,"href":"https:\/\/www.nordi.ee\/en\/wp-json\/wp\/v2\/product_tag?post=25861"}],"curies":[{"name":"wp","href":"https:\/\/api.w.org\/{rel}","templated":true}]}}