{"id":25756,"date":"2025-11-11T20:28:59","date_gmt":"2025-11-11T18:28:59","guid":{"rendered":"https:\/\/www.nordi.ee\/toode\/drager-vabaaja-tool-beez\/"},"modified":"2026-04-13T05:04:16","modified_gmt":"2026-04-13T02:04:16","slug":"drager-vabaaja-tool-beez","status":"publish","type":"product","link":"https:\/\/www.nordi.ee\/en\/toode\/drager-vabaaja-tool-beez\/","title":{"rendered":"Tugitool DRAGER, bee\u017e"},"content":{"rendered":"<p>m\u00f5\u00f5dud: 88\/90-160\/105\/45 cm; rocker, materjal: kangas &#8211; samet, v\u00e4rv: bee\u017e<\/p>\n","protected":false},"excerpt":{"rendered":"<p>m\u00f5\u00f5dud: 88\/90-160\/105\/45 cm; rocker, materjal: kangas &#8211; samet, v\u00e4rv: bee\u017e<\/p>\n","protected":false},"featured_media":12348,"comment_status":"closed","ping_status":"closed","template":"","meta":{"_gspb_post_css":""},"product_brand":[],"product_cat":[215,188],"product_tag":[],"class_list":{"0":"post-25756","1":"product","2":"type-product","3":"status-publish","4":"has-post-thumbnail","6":"product_cat-pehme-moobel","7":"product_cat-tugitoolid","8":"pa_istmekorgus-362","9":"pa_kanga-tuup-sametkangas","10":"pa_kanga-varv-beez","11":"pa_korgus-1124","12":"pa_laius-1088","13":"pa_lisafunktsioonid-recliner-funktsioon","14":"pa_pakkide-arv-226","15":"pa_stiil-klassikaline","16":"pa_stiil-traditsiooniline","17":"pa_sugavus-351","18":"pa_vahelaos-ei","19":"pa_varv-beez","21":"first","22":"instock","23":"sale","24":"purchasable","25":"product-type-simple"},"_links":{"self":[{"href":"https:\/\/www.nordi.ee\/en\/wp-json\/wp\/v2\/product\/25756","targetHints":{"allow":["GET"]}}],"collection":[{"href":"https:\/\/www.nordi.ee\/en\/wp-json\/wp\/v2\/product"}],"about":[{"href":"https:\/\/www.nordi.ee\/en\/wp-json\/wp\/v2\/types\/product"}],"replies":[{"embeddable":true,"href":"https:\/\/www.nordi.ee\/en\/wp-json\/wp\/v2\/comments?post=25756"}],"wp:featuredmedia":[{"embeddable":true,"href":"https:\/\/www.nordi.ee\/en\/wp-json\/wp\/v2\/media\/12348"}],"wp:attachment":[{"href":"https:\/\/www.nordi.ee\/en\/wp-json\/wp\/v2\/media?parent=25756"}],"wp:term":[{"taxonomy":"product_brand","embeddable":true,"href":"https:\/\/www.nordi.ee\/en\/wp-json\/wp\/v2\/product_brand?post=25756"},{"taxonomy":"product_cat","embeddable":true,"href":"https:\/\/www.nordi.ee\/en\/wp-json\/wp\/v2\/product_cat?post=25756"},{"taxonomy":"product_tag","embeddable":true,"href":"https:\/\/www.nordi.ee\/en\/wp-json\/wp\/v2\/product_tag?post=25756"}],"curies":[{"name":"wp","href":"https:\/\/api.w.org\/{rel}","templated":true}]}}