{"id":25750,"date":"2025-11-11T20:28:59","date_gmt":"2025-11-11T18:28:59","guid":{"rendered":"https:\/\/www.nordi.ee\/toode\/seinapeegel-dover-60-hobe\/"},"modified":"2026-04-13T05:04:14","modified_gmt":"2026-04-13T02:04:14","slug":"seinapeegel-dover-60-hobe","status":"publish","type":"product","link":"https:\/\/www.nordi.ee\/en\/toode\/seinapeegel-dover-60-hobe\/","title":{"rendered":"Seinapeegel DOVER 60, h\u00f5be"},"content":{"rendered":"<p>vannitoa seina peegel, m\u00f5\u00f5tmed: 60\/60\/4.5 cm \/ LED taustvalgustus \/ programmide m\u00e4lufunktsioon \/ udustamisvastane funktsioon, heleduse reguleerimine \/ k\u00fclm v\u00f5i soe valgus \/ puudutuskytke, materjal: alus &#8211; alumiiniumplaat ja raam \/ peegel, v\u00e4rv: h\u00f5be<\/p>\n","protected":false},"excerpt":{"rendered":"<p>vannitoa seina peegel, m\u00f5\u00f5tmed: 60\/60\/4.5 cm \/ LED taustvalgustus \/ programmide m\u00e4lufunktsioon \/ udustamisvastane funktsioon, heleduse reguleerimine \/ k\u00fclm v\u00f5i soe valgus \/ puudutuskytke, materjal: alus &#8211; alumiiniumplaat ja raam \/ peegel, v\u00e4rv: h\u00f5be<\/p>\n","protected":false},"featured_media":12340,"comment_status":"closed","ping_status":"open","template":"","meta":{"_gspb_post_css":""},"product_brand":[],"product_cat":[181],"product_tag":[],"class_list":{"0":"post-25750","1":"product","2":"type-product","3":"status-publish","4":"has-post-thumbnail","6":"product_cat-peeglid","7":"pa_korgus-1121","8":"pa_laius-310","9":"pa_lisafunktsioonid-led-valgustus","10":"pa_materjal-metall","11":"pa_materjal-peegel","12":"pa_pakkide-arv-226","13":"pa_raami-materjal-alumiinium","14":"pa_stiil-kaasaegne","15":"pa_sugavus-4173","16":"pa_vahelaos-jah","17":"pa_varv-hobedane","19":"first","20":"instock","21":"sale","22":"purchasable","23":"product-type-simple"},"_links":{"self":[{"href":"https:\/\/www.nordi.ee\/en\/wp-json\/wp\/v2\/product\/25750","targetHints":{"allow":["GET"]}}],"collection":[{"href":"https:\/\/www.nordi.ee\/en\/wp-json\/wp\/v2\/product"}],"about":[{"href":"https:\/\/www.nordi.ee\/en\/wp-json\/wp\/v2\/types\/product"}],"replies":[{"embeddable":true,"href":"https:\/\/www.nordi.ee\/en\/wp-json\/wp\/v2\/comments?post=25750"}],"wp:featuredmedia":[{"embeddable":true,"href":"https:\/\/www.nordi.ee\/en\/wp-json\/wp\/v2\/media\/12340"}],"wp:attachment":[{"href":"https:\/\/www.nordi.ee\/en\/wp-json\/wp\/v2\/media?parent=25750"}],"wp:term":[{"taxonomy":"product_brand","embeddable":true,"href":"https:\/\/www.nordi.ee\/en\/wp-json\/wp\/v2\/product_brand?post=25750"},{"taxonomy":"product_cat","embeddable":true,"href":"https:\/\/www.nordi.ee\/en\/wp-json\/wp\/v2\/product_cat?post=25750"},{"taxonomy":"product_tag","embeddable":true,"href":"https:\/\/www.nordi.ee\/en\/wp-json\/wp\/v2\/product_tag?post=25750"}],"curies":[{"name":"wp","href":"https:\/\/api.w.org\/{rel}","templated":true}]}}