{"id":25702,"date":"2025-11-11T20:23:32","date_gmt":"2025-11-11T18:23:32","guid":{"rendered":"https:\/\/www.nordi.ee\/toode\/dopio-massaazitool-varv-pruun-beez\/"},"modified":"2026-04-13T05:04:09","modified_gmt":"2026-04-13T02:04:09","slug":"massaazitool-dobias-pruun-beez","status":"publish","type":"product","link":"https:\/\/www.nordi.ee\/en\/toode\/massaazitool-dobias-pruun-beez\/","title":{"rendered":"Massaa\u017eitool, DOBIAS pruun \/ bee\u017e"},"content":{"rendered":"<p>m\u00f5\u00f5tmed: 69\/70\/94\/41 cm, puhkeolukorra tool massaa\u017eifunktsiooniga \/ USB pistik, materjal: \u00f6kokoerus, v\u00e4rv: pruun \/ bee\u017e<\/p>\n","protected":false},"excerpt":{"rendered":"<p>m\u00f5\u00f5tmed: 69\/70\/94\/41 cm, puhkeolukorra tool massaa\u017eifunktsiooniga \/ USB pistik, materjal: \u00f6kokoerus, v\u00e4rv: pruun \/ bee\u017e<\/p>\n","protected":false},"featured_media":12320,"comment_status":"closed","ping_status":"closed","template":"","meta":{"_gspb_post_css":""},"product_brand":[],"product_cat":[215,188],"product_tag":[],"class_list":{"0":"post-25702","1":"product","2":"type-product","3":"status-publish","4":"has-post-thumbnail","6":"product_cat-pehme-moobel","7":"product_cat-tugitoolid","8":"pa_istmekorgus-620","9":"pa_jalgade-raami-materjal-polupropuleen","10":"pa_jalgade-raami-varv-must","11":"pa_kanga-tuup-kunstnahk","12":"pa_kanga-varv-beez","13":"pa_korgus-960","14":"pa_laius-656","15":"pa_lisafunktsioonid-massaazifunktsioon","16":"pa_pakkide-arv-226","17":"pa_stiil-kaasaegne","18":"pa_sugavus-268","19":"pa_tooli-materjal-kunstnahk","20":"pa_vahelaos-jah","21":"pa_varv-beez","23":"first","24":"instock","25":"sale","26":"purchasable","27":"product-type-simple"},"_links":{"self":[{"href":"https:\/\/www.nordi.ee\/en\/wp-json\/wp\/v2\/product\/25702","targetHints":{"allow":["GET"]}}],"collection":[{"href":"https:\/\/www.nordi.ee\/en\/wp-json\/wp\/v2\/product"}],"about":[{"href":"https:\/\/www.nordi.ee\/en\/wp-json\/wp\/v2\/types\/product"}],"replies":[{"embeddable":true,"href":"https:\/\/www.nordi.ee\/en\/wp-json\/wp\/v2\/comments?post=25702"}],"wp:featuredmedia":[{"embeddable":true,"href":"https:\/\/www.nordi.ee\/en\/wp-json\/wp\/v2\/media\/12320"}],"wp:attachment":[{"href":"https:\/\/www.nordi.ee\/en\/wp-json\/wp\/v2\/media?parent=25702"}],"wp:term":[{"taxonomy":"product_brand","embeddable":true,"href":"https:\/\/www.nordi.ee\/en\/wp-json\/wp\/v2\/product_brand?post=25702"},{"taxonomy":"product_cat","embeddable":true,"href":"https:\/\/www.nordi.ee\/en\/wp-json\/wp\/v2\/product_cat?post=25702"},{"taxonomy":"product_tag","embeddable":true,"href":"https:\/\/www.nordi.ee\/en\/wp-json\/wp\/v2\/product_tag?post=25702"}],"curies":[{"name":"wp","href":"https:\/\/api.w.org\/{rel}","templated":true}]}}