{"id":25686,"date":"2025-11-11T20:22:24","date_gmt":"2025-11-11T18:22:24","guid":{"rendered":"https:\/\/www.nordi.ee\/toode\/tool-dingo-hall-must\/"},"modified":"2026-04-13T05:04:07","modified_gmt":"2026-04-13T02:04:07","slug":"tool-dingo-hall-must","status":"publish","type":"product","link":"https:\/\/www.nordi.ee\/en\/toode\/tool-dingo-hall-must\/","title":{"rendered":"Kontoritool  DINGO, hall \/ must"},"content":{"rendered":"<p>p\u00f5himehhanism, m\u00f5\u00f5dud: 41\/56\/86\u00f798 cm, materjal: membraanriie \/ v\u00f5rk, v\u00e4rv: hall \/ must<\/p>\n","protected":false},"excerpt":{"rendered":"<p>p\u00f5himehhanism, m\u00f5\u00f5dud: 41\/56\/86\u00f798 cm, materjal: membraanriie \/ v\u00f5rk, v\u00e4rv: hall \/ must<\/p>\n","protected":false},"featured_media":12304,"comment_status":"closed","ping_status":"closed","template":"","meta":{"_gspb_post_css":""},"product_brand":[],"product_cat":[4063,216],"product_tag":[],"class_list":{"0":"post-25686","1":"product","2":"type-product","3":"status-publish","4":"has-post-thumbnail","6":"product_cat-kontoritoolid","7":"product_cat-kontor","8":"pa_istmekorgus-42-54","9":"pa_kaetugi-ilma-kaetugedeta","10":"pa_kandevoime-80-kg","11":"pa_kanga-varv-hall","12":"pa_kanga-varv-must","13":"pa_korgus-1155","14":"pa_laius-967","15":"pa_mehhanism-tavaline","16":"pa_pakkide-arv-226","17":"pa_peatugi-ilma-peatugedeta","18":"pa_ratta-tuup-normaalne","19":"pa_stiil-traditsiooniline","20":"pa_sugavus-519","21":"pa_tooli-materjal-vork","22":"pa_tooli-materjal-vorkkangas","23":"pa_tuba-lastetuba","24":"pa_vahelaos-jah","25":"pa_varv-hall","27":"first","28":"instock","29":"sale","30":"purchasable","31":"product-type-simple"},"_links":{"self":[{"href":"https:\/\/www.nordi.ee\/en\/wp-json\/wp\/v2\/product\/25686","targetHints":{"allow":["GET"]}}],"collection":[{"href":"https:\/\/www.nordi.ee\/en\/wp-json\/wp\/v2\/product"}],"about":[{"href":"https:\/\/www.nordi.ee\/en\/wp-json\/wp\/v2\/types\/product"}],"replies":[{"embeddable":true,"href":"https:\/\/www.nordi.ee\/en\/wp-json\/wp\/v2\/comments?post=25686"}],"wp:featuredmedia":[{"embeddable":true,"href":"https:\/\/www.nordi.ee\/en\/wp-json\/wp\/v2\/media\/12304"}],"wp:attachment":[{"href":"https:\/\/www.nordi.ee\/en\/wp-json\/wp\/v2\/media?parent=25686"}],"wp:term":[{"taxonomy":"product_brand","embeddable":true,"href":"https:\/\/www.nordi.ee\/en\/wp-json\/wp\/v2\/product_brand?post=25686"},{"taxonomy":"product_cat","embeddable":true,"href":"https:\/\/www.nordi.ee\/en\/wp-json\/wp\/v2\/product_cat?post=25686"},{"taxonomy":"product_tag","embeddable":true,"href":"https:\/\/www.nordi.ee\/en\/wp-json\/wp\/v2\/product_tag?post=25686"}],"curies":[{"name":"wp","href":"https:\/\/api.w.org\/{rel}","templated":true}]}}