{"id":25627,"date":"2025-11-11T20:19:31","date_gmt":"2025-11-11T18:19:31","guid":{"rendered":"https:\/\/www.nordi.ee\/toode\/pikendatav-soogilaud-dickson-2\/"},"modified":"2026-04-13T05:04:05","modified_gmt":"2026-04-13T02:04:05","slug":"pikendatav-soogilaud-dickson-2","status":"publish","type":"product","link":"https:\/\/www.nordi.ee\/en\/toode\/pikendatav-soogilaud-dickson-2\/","title":{"rendered":"Pikendatav S\u00f6\u00f6gilaud DICKSON"},"content":{"rendered":"<p>m\u00f5\u00f5tmed: 150-210\/90\/75 cm, pikendatav laud, materjal: laminaat MDF \/ pulberkattega teras, v\u00e4rv: pind &#8211; looduslik tamm, jalad &#8211; mustad. nIga vedeliku lauale valamisel p\u00fchkige pind kohe kuivaks, et v\u00e4ltida laua pinnamaterjali veega k\u00fcllastumist.<\/p>\n","protected":false},"excerpt":{"rendered":"<p>m\u00f5\u00f5tmed: 150-210\/90\/75 cm, pikendatav laud, materjal: laminaat MDF \/ pulberkattega teras, v\u00e4rv: pind &#8211; looduslik tamm, jalad &#8211; mustad. nIga vedeliku lauale valamisel p\u00fchkige pind kohe kuivaks, et v\u00e4ltida laua pinnamaterjali veega k\u00fcllastumist.<\/p>\n","protected":false},"featured_media":12292,"comment_status":"closed","ping_status":"open","template":"","meta":{"_gspb_post_css":""},"product_brand":[],"product_cat":[190,167],"product_tag":[],"class_list":{"0":"post-25627","1":"product","2":"type-product","3":"status-publish","4":"has-post-thumbnail","6":"product_cat-soogilauad","7":"product_cat-soogituba","8":"pa_jalgade-arv-289","9":"pa_korgus-287","10":"pa_laius-349","11":"pa_laua-suurus-8-person-6-person","12":"pa_laua-varvus-tamm","13":"pa_laua-viimistlus-matt","14":"pa_lauaplaadi-kuju-ristkulikukujuline","15":"pa_lauaplaadi-materjal-lamiiniga-kaetud-mdf","16":"pa_lisafunktsioonid-pikendatav","17":"pa_maximum-pikkus-4215","18":"pa_pakkide-arv-295","19":"pa_pikendatav-jah","20":"pa_raami-materjal-metall","21":"pa_stiil-loft","22":"pa_sugavus-4110","23":"pa_vahelaos-jah","24":"pa_varv-tamm","26":"first","27":"instock","28":"sale","29":"purchasable","30":"product-type-simple"},"_links":{"self":[{"href":"https:\/\/www.nordi.ee\/en\/wp-json\/wp\/v2\/product\/25627","targetHints":{"allow":["GET"]}}],"collection":[{"href":"https:\/\/www.nordi.ee\/en\/wp-json\/wp\/v2\/product"}],"about":[{"href":"https:\/\/www.nordi.ee\/en\/wp-json\/wp\/v2\/types\/product"}],"replies":[{"embeddable":true,"href":"https:\/\/www.nordi.ee\/en\/wp-json\/wp\/v2\/comments?post=25627"}],"wp:featuredmedia":[{"embeddable":true,"href":"https:\/\/www.nordi.ee\/en\/wp-json\/wp\/v2\/media\/12292"}],"wp:attachment":[{"href":"https:\/\/www.nordi.ee\/en\/wp-json\/wp\/v2\/media?parent=25627"}],"wp:term":[{"taxonomy":"product_brand","embeddable":true,"href":"https:\/\/www.nordi.ee\/en\/wp-json\/wp\/v2\/product_brand?post=25627"},{"taxonomy":"product_cat","embeddable":true,"href":"https:\/\/www.nordi.ee\/en\/wp-json\/wp\/v2\/product_cat?post=25627"},{"taxonomy":"product_tag","embeddable":true,"href":"https:\/\/www.nordi.ee\/en\/wp-json\/wp\/v2\/product_tag?post=25627"}],"curies":[{"name":"wp","href":"https:\/\/api.w.org\/{rel}","templated":true}]}}