{"id":25612,"date":"2025-11-11T20:19:31","date_gmt":"2025-11-11T18:19:31","guid":{"rendered":"https:\/\/www.nordi.ee\/toode\/pikendatav-soogilaud-dickson\/"},"modified":"2026-04-13T05:04:04","modified_gmt":"2026-04-13T02:04:04","slug":"pikendatav-soogilaud-dickson","status":"publish","type":"product","link":"https:\/\/www.nordi.ee\/en\/toode\/pikendatav-soogilaud-dickson\/","title":{"rendered":"Pikendatav S\u00f6\u00f6gilaud DICKSON"},"content":{"rendered":"<p>m\u00f5\u00f5tmed: 120-180\/80\/75 cm, pikendatav laud, materjal: laminaat MDF \/ pulberv\u00e4rvitud teras, v\u00e4rv: pind &#8211; looduslik tamme, jalad &#8211; mustad  nP\u00e4rast vedelike valamist laua pinnale p\u00fchkige see kohe kuivaks, et v\u00e4ltida vedeliku imendumist laua pinna materjali.<\/p>\n","protected":false},"excerpt":{"rendered":"<p>m\u00f5\u00f5tmed: 120-180\/80\/75 cm, pikendatav laud, materjal: laminaat MDF \/ pulberv\u00e4rvitud teras, v\u00e4rv: pind &#8211; looduslik tamme, jalad &#8211; mustad nP\u00e4rast vedelike valamist laua pinnale p\u00fchkige see kohe kuivaks, et v\u00e4ltida vedeliku imendumist laua pinna materjali.<\/p>\n","protected":false},"featured_media":12288,"comment_status":"closed","ping_status":"open","template":"","meta":{"_gspb_post_css":""},"product_brand":[],"product_cat":[190,167],"product_tag":[],"class_list":{"0":"post-25612","1":"product","2":"type-product","3":"status-publish","4":"has-post-thumbnail","6":"product_cat-soogilauad","7":"product_cat-soogituba","8":"pa_jalgade-arv-289","9":"pa_korgus-287","10":"pa_laius-353","11":"pa_laua-suurus-8-person-4-person","12":"pa_laua-varvus-tamm","13":"pa_laua-viimistlus-matt","14":"pa_lauaplaadi-kuju-ristkulikukujuline","15":"pa_lauaplaadi-materjal-lamiiniga-kaetud-mdf","16":"pa_maximum-pikkus-4211","17":"pa_pakkide-arv-295","18":"pa_pikendatav-jah","19":"pa_raami-materjal-metall","20":"pa_stiil-loft","21":"pa_sugavus-1832","22":"pa_vahelaos-jah","23":"pa_varv-tamm","24":"pa_varv-must","26":"first","27":"instock","28":"sale","29":"purchasable","30":"product-type-simple"},"_links":{"self":[{"href":"https:\/\/www.nordi.ee\/en\/wp-json\/wp\/v2\/product\/25612","targetHints":{"allow":["GET"]}}],"collection":[{"href":"https:\/\/www.nordi.ee\/en\/wp-json\/wp\/v2\/product"}],"about":[{"href":"https:\/\/www.nordi.ee\/en\/wp-json\/wp\/v2\/types\/product"}],"replies":[{"embeddable":true,"href":"https:\/\/www.nordi.ee\/en\/wp-json\/wp\/v2\/comments?post=25612"}],"wp:featuredmedia":[{"embeddable":true,"href":"https:\/\/www.nordi.ee\/en\/wp-json\/wp\/v2\/media\/12288"}],"wp:attachment":[{"href":"https:\/\/www.nordi.ee\/en\/wp-json\/wp\/v2\/media?parent=25612"}],"wp:term":[{"taxonomy":"product_brand","embeddable":true,"href":"https:\/\/www.nordi.ee\/en\/wp-json\/wp\/v2\/product_brand?post=25612"},{"taxonomy":"product_cat","embeddable":true,"href":"https:\/\/www.nordi.ee\/en\/wp-json\/wp\/v2\/product_cat?post=25612"},{"taxonomy":"product_tag","embeddable":true,"href":"https:\/\/www.nordi.ee\/en\/wp-json\/wp\/v2\/product_tag?post=25612"}],"curies":[{"name":"wp","href":"https:\/\/api.w.org\/{rel}","templated":true}]}}