{"id":25597,"date":"2025-11-11T20:19:31","date_gmt":"2025-11-11T18:19:31","guid":{"rendered":"https:\/\/www.nordi.ee\/toode\/pikendatav-soogilaud-dickson-2-150-210-naturaalne-must\/"},"modified":"2026-04-13T05:04:03","modified_gmt":"2026-04-13T02:04:03","slug":"pikendatav-soogilaud-dickson-2-naturaalne-must","status":"publish","type":"product","link":"https:\/\/www.nordi.ee\/en\/toode\/pikendatav-soogilaud-dickson-2-naturaalne-must\/","title":{"rendered":"Pikendatav S\u00f6\u00f6gilaud DICKSON 2, naturaalne \/ must"},"content":{"rendered":"<p>m\u00f5\u00f5tmed: 150-210\/90\/75 cm, pikendatav laud, materjal: MDF + naturaalne lamineering, v\u00e4rv: pind &#8211; naturaalne tamm, jalad &#8211; must. P\u00e4rast vedelike mahapillamist lauale, puhastage pind kohe kuivaks, et v\u00e4ltida vee imbumist laua materjali.<\/p>\n","protected":false},"excerpt":{"rendered":"<p>m\u00f5\u00f5tmed: 150-210\/90\/75 cm, pikendatav laud, materjal: MDF + naturaalne lamineering, v\u00e4rv: pind &#8211; naturaalne tamm, jalad &#8211; must. P\u00e4rast vedelike mahapillamist lauale, puhastage pind kohe kuivaks, et v\u00e4ltida vee imbumist laua materjali.<\/p>\n","protected":false},"featured_media":12284,"comment_status":"closed","ping_status":"closed","template":"","meta":{"_gspb_post_css":""},"product_brand":[],"product_cat":[190,167],"product_tag":[],"class_list":{"0":"post-25597","1":"product","2":"type-product","3":"status-publish","4":"has-post-thumbnail","6":"product_cat-soogilauad","7":"product_cat-soogituba","8":"pa_jalgade-arv-289","9":"pa_korgus-406","10":"pa_laius-1088","11":"pa_laua-suurus-6-person-8-person","12":"pa_laua-varvus-tamm","13":"pa_laua-viimistlus-matt","14":"pa_lauaplaadi-kuju-ristkulikukujuline","15":"pa_lauaplaadi-materjal-spoon","16":"pa_maximum-pikkus-4215","17":"pa_pakkide-arv-295","18":"pa_pikendatav-jah","19":"pa_raami-materjal-metall","20":"pa_stiil-loft","21":"pa_sugavus-4110","22":"pa_vahelaos-jah","23":"pa_varv-tamm","25":"first","26":"instock","27":"sale","28":"purchasable","29":"product-type-simple"},"_links":{"self":[{"href":"https:\/\/www.nordi.ee\/en\/wp-json\/wp\/v2\/product\/25597","targetHints":{"allow":["GET"]}}],"collection":[{"href":"https:\/\/www.nordi.ee\/en\/wp-json\/wp\/v2\/product"}],"about":[{"href":"https:\/\/www.nordi.ee\/en\/wp-json\/wp\/v2\/types\/product"}],"replies":[{"embeddable":true,"href":"https:\/\/www.nordi.ee\/en\/wp-json\/wp\/v2\/comments?post=25597"}],"wp:featuredmedia":[{"embeddable":true,"href":"https:\/\/www.nordi.ee\/en\/wp-json\/wp\/v2\/media\/12284"}],"wp:attachment":[{"href":"https:\/\/www.nordi.ee\/en\/wp-json\/wp\/v2\/media?parent=25597"}],"wp:term":[{"taxonomy":"product_brand","embeddable":true,"href":"https:\/\/www.nordi.ee\/en\/wp-json\/wp\/v2\/product_brand?post=25597"},{"taxonomy":"product_cat","embeddable":true,"href":"https:\/\/www.nordi.ee\/en\/wp-json\/wp\/v2\/product_cat?post=25597"},{"taxonomy":"product_tag","embeddable":true,"href":"https:\/\/www.nordi.ee\/en\/wp-json\/wp\/v2\/product_tag?post=25597"}],"curies":[{"name":"wp","href":"https:\/\/api.w.org\/{rel}","templated":true}]}}