{"id":25578,"date":"2025-11-11T20:18:16","date_gmt":"2025-11-11T18:18:16","guid":{"rendered":"https:\/\/www.nordi.ee\/toode\/tool-demsond-hall\/"},"modified":"2026-04-13T05:03:49","modified_gmt":"2026-04-13T02:03:49","slug":"tool-demsond-hall","status":"publish","type":"product","link":"https:\/\/www.nordi.ee\/en\/toode\/tool-demsond-hall\/","title":{"rendered":"Kontoritool DEMSOND, hall"},"content":{"rendered":"<p>multiblock mehhanism, kummist kaetud rattad, m\u00f5\u00f5tmed: 67\/70\/112\u00f7119 cm, materjal: \u00f6ko nahk, v\u00e4rv: hall<\/p>\n","protected":false},"excerpt":{"rendered":"<p>multiblock mehhanism, kummist kaetud rattad, m\u00f5\u00f5tmed: 67\/70\/112\u00f7119 cm, materjal: \u00f6ko nahk, v\u00e4rv: hall<\/p>\n","protected":false},"featured_media":12262,"comment_status":"closed","ping_status":"closed","template":"","meta":{"_gspb_post_css":""},"product_brand":[],"product_cat":[216,4063],"product_tag":[],"class_list":{"0":"post-25578","1":"product","2":"type-product","3":"status-publish","4":"has-post-thumbnail","6":"product_cat-kontor","7":"product_cat-kontoritoolid","8":"pa_istmekorgus-48-55","9":"pa_kaetugi-fikseeritud-kaetugi","10":"pa_kandevoime-136-kg","11":"pa_kanga-varv-hall","12":"pa_korgus-1151","13":"pa_laius-643","14":"pa_mehhanism-multiblock","15":"pa_pakkide-arv-226","16":"pa_peatugi-ilma-peatugedeta","17":"pa_ratta-tuup-kumm","18":"pa_stiil-klassikaline","19":"pa_sugavus-268","20":"pa_tooli-materjal-kunstnahk","21":"pa_tuba-kapp","22":"pa_vahelaos-jah","23":"pa_varv-hall","25":"first","26":"instock","27":"sale","28":"purchasable","29":"product-type-simple"},"_links":{"self":[{"href":"https:\/\/www.nordi.ee\/en\/wp-json\/wp\/v2\/product\/25578","targetHints":{"allow":["GET"]}}],"collection":[{"href":"https:\/\/www.nordi.ee\/en\/wp-json\/wp\/v2\/product"}],"about":[{"href":"https:\/\/www.nordi.ee\/en\/wp-json\/wp\/v2\/types\/product"}],"replies":[{"embeddable":true,"href":"https:\/\/www.nordi.ee\/en\/wp-json\/wp\/v2\/comments?post=25578"}],"wp:featuredmedia":[{"embeddable":true,"href":"https:\/\/www.nordi.ee\/en\/wp-json\/wp\/v2\/media\/12262"}],"wp:attachment":[{"href":"https:\/\/www.nordi.ee\/en\/wp-json\/wp\/v2\/media?parent=25578"}],"wp:term":[{"taxonomy":"product_brand","embeddable":true,"href":"https:\/\/www.nordi.ee\/en\/wp-json\/wp\/v2\/product_brand?post=25578"},{"taxonomy":"product_cat","embeddable":true,"href":"https:\/\/www.nordi.ee\/en\/wp-json\/wp\/v2\/product_cat?post=25578"},{"taxonomy":"product_tag","embeddable":true,"href":"https:\/\/www.nordi.ee\/en\/wp-json\/wp\/v2\/product_tag?post=25578"}],"curies":[{"name":"wp","href":"https:\/\/api.w.org\/{rel}","templated":true}]}}