{"id":25534,"date":"2025-11-11T20:16:00","date_gmt":"2025-11-11T18:16:00","guid":{"rendered":"https:\/\/www.nordi.ee\/toode\/soogilaud-derrick\/"},"modified":"2026-04-13T05:03:44","modified_gmt":"2026-04-13T02:03:44","slug":"soogilaud-derrick","status":"publish","type":"product","link":"https:\/\/www.nordi.ee\/en\/toode\/soogilaud-derrick\/","title":{"rendered":"S\u00f6\u00f6gilaud DERRICK"},"content":{"rendered":"<p>m\u00f5\u00f5tmed: 160-200\/90\/75 cm, pikendatav laud, materjal: MDF + looduslik vineer \/ pulberkattega teras, v\u00e4rv: pind &#8211; looduslik tamme, jalad &#8211; must<\/p>\n","protected":false},"excerpt":{"rendered":"<p>m\u00f5\u00f5tmed: 160-200\/90\/75 cm, pikendatav laud, materjal: MDF + looduslik vineer \/ pulberkattega teras, v\u00e4rv: pind &#8211; looduslik tamme, jalad &#8211; must<\/p>\n","protected":false},"featured_media":12244,"comment_status":"closed","ping_status":"open","template":"","meta":{"_gspb_post_css":""},"product_brand":[],"product_cat":[190,167],"product_tag":[],"class_list":{"0":"post-25534","1":"product","2":"type-product","3":"status-publish","4":"has-post-thumbnail","6":"product_cat-soogilauad","7":"product_cat-soogituba","8":"pa_jalgade-arv-289","9":"pa_korgus-287","10":"pa_laius-349","11":"pa_laua-suurus-6-person-8-person","12":"pa_laua-varvus-tamm","13":"pa_laua-viimistlus-matt","14":"pa_lauaplaadi-kuju-ristkulikukujuline","15":"pa_lauaplaadi-materjal-spoon","16":"pa_maximum-pikkus-4207","17":"pa_pakkide-arv-295","18":"pa_pikendatav-jah","19":"pa_raami-materjal-metall","20":"pa_stiil-moodne","21":"pa_stiil-loft","22":"pa_sugavus-4084","23":"pa_vahelaos-jah","24":"pa_varv-tamm","25":"pa_varv-must","27":"first","28":"instock","29":"sale","30":"purchasable","31":"product-type-simple"},"_links":{"self":[{"href":"https:\/\/www.nordi.ee\/en\/wp-json\/wp\/v2\/product\/25534","targetHints":{"allow":["GET"]}}],"collection":[{"href":"https:\/\/www.nordi.ee\/en\/wp-json\/wp\/v2\/product"}],"about":[{"href":"https:\/\/www.nordi.ee\/en\/wp-json\/wp\/v2\/types\/product"}],"replies":[{"embeddable":true,"href":"https:\/\/www.nordi.ee\/en\/wp-json\/wp\/v2\/comments?post=25534"}],"wp:featuredmedia":[{"embeddable":true,"href":"https:\/\/www.nordi.ee\/en\/wp-json\/wp\/v2\/media\/12244"}],"wp:attachment":[{"href":"https:\/\/www.nordi.ee\/en\/wp-json\/wp\/v2\/media?parent=25534"}],"wp:term":[{"taxonomy":"product_brand","embeddable":true,"href":"https:\/\/www.nordi.ee\/en\/wp-json\/wp\/v2\/product_brand?post=25534"},{"taxonomy":"product_cat","embeddable":true,"href":"https:\/\/www.nordi.ee\/en\/wp-json\/wp\/v2\/product_cat?post=25534"},{"taxonomy":"product_tag","embeddable":true,"href":"https:\/\/www.nordi.ee\/en\/wp-json\/wp\/v2\/product_tag?post=25534"}],"curies":[{"name":"wp","href":"https:\/\/api.w.org\/{rel}","templated":true}]}}