{"id":25530,"date":"2025-11-11T20:16:00","date_gmt":"2025-11-11T18:16:00","guid":{"rendered":"https:\/\/www.nordi.ee\/toode\/voodi-derby-kaheinimese-valjatommatava-madratsi-ruumiga-hall\/"},"modified":"2026-04-13T05:03:44","modified_gmt":"2026-04-13T02:03:44","slug":"voodi-derby-kaheinimese-valjatommatava-madratsi-ruumiga-hall","status":"publish","type":"product","link":"https:\/\/www.nordi.ee\/en\/toode\/voodi-derby-kaheinimese-valjatommatava-madratsi-ruumiga-hall\/","title":{"rendered":"Voodi DERBY, kaheinimese \/ v\u00e4ljat\u00f5mmatava madratsi ruumiga \/ hall"},"content":{"rendered":"<p>kaheinimesevoodi v\u00e4lja t\u00f5mmatava alumise madratsikoha, materjal: samet, v\u00e4rv: hall ,* voodi ilma madratsiteta. Voodi peale sobib madratsid 90&#215;200.<\/p>\n","protected":false},"excerpt":{"rendered":"<p>kaheinimesevoodi v\u00e4lja t\u00f5mmatava alumise madratsikoha, materjal: samet, v\u00e4rv: hall ,* voodi ilma madratsiteta. Voodi peale sobib madratsid 90&#215;200.<\/p>\n","protected":false},"featured_media":12240,"comment_status":"closed","ping_status":"open","template":"","meta":{"_gspb_post_css":""},"product_brand":[],"product_cat":[166,215,179],"product_tag":[],"class_list":{"0":"post-25530","1":"product","2":"type-product","3":"status-publish","4":"has-post-thumbnail","6":"product_cat-magamistuba","7":"product_cat-pehme-moobel","8":"product_cat-voodid","9":"pa_kanga-tuup-sametkangas","10":"pa_korgus-301","11":"pa_laius-498","12":"pa_pakkide-arv-295","13":"pa_pesukast-ei","14":"pa_sobiv-madratsi-suurus-90x200cm","15":"pa_stiil-kaasaegne","16":"pa_sugavus-4109","17":"pa_vahelaos-ei","18":"pa_varv-hall","19":"pa_voodituup-polsterdatud","21":"first","22":"instock","23":"sale","24":"purchasable","25":"product-type-simple"},"_links":{"self":[{"href":"https:\/\/www.nordi.ee\/en\/wp-json\/wp\/v2\/product\/25530","targetHints":{"allow":["GET"]}}],"collection":[{"href":"https:\/\/www.nordi.ee\/en\/wp-json\/wp\/v2\/product"}],"about":[{"href":"https:\/\/www.nordi.ee\/en\/wp-json\/wp\/v2\/types\/product"}],"replies":[{"embeddable":true,"href":"https:\/\/www.nordi.ee\/en\/wp-json\/wp\/v2\/comments?post=25530"}],"wp:featuredmedia":[{"embeddable":true,"href":"https:\/\/www.nordi.ee\/en\/wp-json\/wp\/v2\/media\/12240"}],"wp:attachment":[{"href":"https:\/\/www.nordi.ee\/en\/wp-json\/wp\/v2\/media?parent=25530"}],"wp:term":[{"taxonomy":"product_brand","embeddable":true,"href":"https:\/\/www.nordi.ee\/en\/wp-json\/wp\/v2\/product_brand?post=25530"},{"taxonomy":"product_cat","embeddable":true,"href":"https:\/\/www.nordi.ee\/en\/wp-json\/wp\/v2\/product_cat?post=25530"},{"taxonomy":"product_tag","embeddable":true,"href":"https:\/\/www.nordi.ee\/en\/wp-json\/wp\/v2\/product_tag?post=25530"}],"curies":[{"name":"wp","href":"https:\/\/api.w.org\/{rel}","templated":true}]}}