{"id":25520,"date":"2025-11-11T20:15:18","date_gmt":"2025-11-11T18:15:18","guid":{"rendered":"https:\/\/www.nordi.ee\/toode\/soogilaud-denver-valge-marmor-valge\/"},"modified":"2026-04-13T05:03:41","modified_gmt":"2026-04-13T02:03:41","slug":"soogilaud-denver-valge-marmor-valge","status":"publish","type":"product","link":"https:\/\/www.nordi.ee\/en\/toode\/soogilaud-denver-valge-marmor-valge\/","title":{"rendered":"S\u00f6\u00f6gilaud DENVER, valge marmor \/ valge"},"content":{"rendered":"<p>m\u00f5\u00f5dud: fi 80\/73 cm, materjal: laminaat MDF \/ pulberv\u00e4rvitud teras, v\u00e4rv: \u00dclemine &#8211; valge marmor, jalad &#8211; valged<\/p>\n","protected":false},"excerpt":{"rendered":"<p>m\u00f5\u00f5dud: fi 80\/73 cm, materjal: laminaat MDF \/ pulberv\u00e4rvitud teras, v\u00e4rv: \u00dclemine &#8211; valge marmor, jalad &#8211; valged<\/p>\n","protected":false},"featured_media":12228,"comment_status":"closed","ping_status":"open","template":"","meta":{"_gspb_post_css":""},"product_brand":[],"product_cat":[190,167],"product_tag":[],"class_list":{"0":"post-25520","1":"product","2":"type-product","3":"status-publish","4":"has-post-thumbnail","6":"product_cat-soogilauad","7":"product_cat-soogituba","8":"pa_jalgade-arv-494","9":"pa_korgus-695","10":"pa_laius-353","11":"pa_laua-suurus-3-person","12":"pa_laua-varvus-valge","13":"pa_laua-viimistlus-matt","14":"pa_lauaplaadi-kuju-ummargune","15":"pa_lauaplaadi-materjal-lamiiniga-kaetud-mdf","16":"pa_pakkide-arv-466","17":"pa_pikendatav-ei","18":"pa_raami-materjal-metall","19":"pa_stiil-glamuurne","20":"pa_stiil-kaasaegne","21":"pa_sugavus-475","22":"pa_vahelaos-jah","23":"pa_varv-valge","25":"first","26":"instock","27":"sale","28":"purchasable","29":"product-type-simple"},"_links":{"self":[{"href":"https:\/\/www.nordi.ee\/en\/wp-json\/wp\/v2\/product\/25520","targetHints":{"allow":["GET"]}}],"collection":[{"href":"https:\/\/www.nordi.ee\/en\/wp-json\/wp\/v2\/product"}],"about":[{"href":"https:\/\/www.nordi.ee\/en\/wp-json\/wp\/v2\/types\/product"}],"replies":[{"embeddable":true,"href":"https:\/\/www.nordi.ee\/en\/wp-json\/wp\/v2\/comments?post=25520"}],"wp:featuredmedia":[{"embeddable":true,"href":"https:\/\/www.nordi.ee\/en\/wp-json\/wp\/v2\/media\/12228"}],"wp:attachment":[{"href":"https:\/\/www.nordi.ee\/en\/wp-json\/wp\/v2\/media?parent=25520"}],"wp:term":[{"taxonomy":"product_brand","embeddable":true,"href":"https:\/\/www.nordi.ee\/en\/wp-json\/wp\/v2\/product_brand?post=25520"},{"taxonomy":"product_cat","embeddable":true,"href":"https:\/\/www.nordi.ee\/en\/wp-json\/wp\/v2\/product_cat?post=25520"},{"taxonomy":"product_tag","embeddable":true,"href":"https:\/\/www.nordi.ee\/en\/wp-json\/wp\/v2\/product_tag?post=25520"}],"curies":[{"name":"wp","href":"https:\/\/api.w.org\/{rel}","templated":true}]}}