{"id":25511,"date":"2025-11-11T20:15:18","date_gmt":"2025-11-11T18:15:18","guid":{"rendered":"https:\/\/www.nordi.ee\/toode\/kontoritool-defender-must-punane\/"},"modified":"2026-04-13T05:03:39","modified_gmt":"2026-04-13T02:03:39","slug":"kontoritool-defender-must-punane","status":"publish","type":"product","link":"https:\/\/www.nordi.ee\/en\/toode\/kontoritool-defender-must-punane\/","title":{"rendered":"Kontoritool DEFENDER, must \/ punane"},"content":{"rendered":"<p>TILT mehhanism, reguleeritavad k\u00e4etuged, kokkuklapitav seljatugi, m\u00f5\u00f5dud: 55\/69\/126-134\/46-54 cm, materjal: \u00f6koinstrument, v\u00e4rv: must \/ punane<\/p>\n","protected":false},"excerpt":{"rendered":"<p>TILT mehhanism, reguleeritavad k\u00e4etuged, kokkuklapitav seljatugi, m\u00f5\u00f5dud: 55\/69\/126-134\/46-54 cm, materjal: \u00f6koinstrument, v\u00e4rv: must \/ punane<\/p>\n","protected":false},"featured_media":12220,"comment_status":"closed","ping_status":"open","template":"","meta":{"_gspb_post_css":""},"product_brand":[],"product_cat":[216,4063],"product_tag":[],"class_list":{"0":"post-25511","1":"product","2":"type-product","3":"status-publish","4":"has-post-thumbnail","6":"product_cat-kontor","7":"product_cat-kontoritoolid","8":"pa_istmekorgus-46-54","9":"pa_kaetugi-reguleeritav-kaetugi","10":"pa_kandevoime-100-kg","11":"pa_kanga-varv-must","12":"pa_kanga-varv-punane","13":"pa_korgus-4108","14":"pa_laius-1062","15":"pa_mehhanism-kallutus","16":"pa_pakkide-arv-226","17":"pa_peatugi-ilma-peatugedeta","18":"pa_ratta-tuup-normaalne","19":"pa_stiil-kaasaegne","20":"pa_sugavus-658","21":"pa_tooli-materjal-kunstnahk","22":"pa_tuba-mangutuba","23":"pa_vahelaos-jah","24":"pa_varv-must","25":"pa_varv-punane","27":"first","28":"instock","29":"sale","30":"purchasable","31":"product-type-simple"},"_links":{"self":[{"href":"https:\/\/www.nordi.ee\/en\/wp-json\/wp\/v2\/product\/25511","targetHints":{"allow":["GET"]}}],"collection":[{"href":"https:\/\/www.nordi.ee\/en\/wp-json\/wp\/v2\/product"}],"about":[{"href":"https:\/\/www.nordi.ee\/en\/wp-json\/wp\/v2\/types\/product"}],"replies":[{"embeddable":true,"href":"https:\/\/www.nordi.ee\/en\/wp-json\/wp\/v2\/comments?post=25511"}],"wp:featuredmedia":[{"embeddable":true,"href":"https:\/\/www.nordi.ee\/en\/wp-json\/wp\/v2\/media\/12220"}],"wp:attachment":[{"href":"https:\/\/www.nordi.ee\/en\/wp-json\/wp\/v2\/media?parent=25511"}],"wp:term":[{"taxonomy":"product_brand","embeddable":true,"href":"https:\/\/www.nordi.ee\/en\/wp-json\/wp\/v2\/product_brand?post=25511"},{"taxonomy":"product_cat","embeddable":true,"href":"https:\/\/www.nordi.ee\/en\/wp-json\/wp\/v2\/product_cat?post=25511"},{"taxonomy":"product_tag","embeddable":true,"href":"https:\/\/www.nordi.ee\/en\/wp-json\/wp\/v2\/product_tag?post=25511"}],"curies":[{"name":"wp","href":"https:\/\/api.w.org\/{rel}","templated":true}]}}