{"id":25506,"date":"2025-11-11T20:12:39","date_gmt":"2025-11-11T18:12:39","guid":{"rendered":"https:\/\/www.nordi.ee\/toode\/seinapeegel-deco-antiikhobe\/"},"modified":"2026-04-13T05:03:38","modified_gmt":"2026-04-13T02:03:38","slug":"seinapeegel-deco-antiikhobe","status":"publish","type":"product","link":"https:\/\/www.nordi.ee\/en\/toode\/seinapeegel-deco-antiikhobe\/","title":{"rendered":"Seinapeegel DECO, antiikh\u00f5be"},"content":{"rendered":"<p>seina peegel, m\u00f5\u00f5tmed: 90\/70\/5 cm, materjal: raam &#8211; plastik \/ alus &#8211; MDF plaat \/ peegel, v\u00e4rv: antiik h\u00f5bedane<\/p>\n","protected":false},"excerpt":{"rendered":"<p>seina peegel, m\u00f5\u00f5tmed: 90\/70\/5 cm, materjal: raam &#8211; plastik \/ alus &#8211; MDF plaat \/ peegel, v\u00e4rv: antiik h\u00f5bedane<\/p>\n","protected":false},"featured_media":12216,"comment_status":"closed","ping_status":"open","template":"","meta":{"_gspb_post_css":""},"product_brand":[],"product_cat":[181],"product_tag":[],"class_list":{"0":"post-25506","1":"product","2":"type-product","3":"status-publish","4":"has-post-thumbnail","6":"product_cat-peeglid","7":"pa_korgus-678","8":"pa_laius-427","9":"pa_materjal-polupropuleen","10":"pa_pakkide-arv-226","11":"pa_raami-materjal-polupropuleen","12":"pa_stiil-glamuur","13":"pa_stiil-moodne","14":"pa_sugavus-1060","15":"pa_vahelaos-jah","16":"pa_varv-hobedane","18":"first","19":"instock","20":"sale","21":"purchasable","22":"product-type-simple"},"_links":{"self":[{"href":"https:\/\/www.nordi.ee\/en\/wp-json\/wp\/v2\/product\/25506","targetHints":{"allow":["GET"]}}],"collection":[{"href":"https:\/\/www.nordi.ee\/en\/wp-json\/wp\/v2\/product"}],"about":[{"href":"https:\/\/www.nordi.ee\/en\/wp-json\/wp\/v2\/types\/product"}],"replies":[{"embeddable":true,"href":"https:\/\/www.nordi.ee\/en\/wp-json\/wp\/v2\/comments?post=25506"}],"wp:featuredmedia":[{"embeddable":true,"href":"https:\/\/www.nordi.ee\/en\/wp-json\/wp\/v2\/media\/12216"}],"wp:attachment":[{"href":"https:\/\/www.nordi.ee\/en\/wp-json\/wp\/v2\/media?parent=25506"}],"wp:term":[{"taxonomy":"product_brand","embeddable":true,"href":"https:\/\/www.nordi.ee\/en\/wp-json\/wp\/v2\/product_brand?post=25506"},{"taxonomy":"product_cat","embeddable":true,"href":"https:\/\/www.nordi.ee\/en\/wp-json\/wp\/v2\/product_cat?post=25506"},{"taxonomy":"product_tag","embeddable":true,"href":"https:\/\/www.nordi.ee\/en\/wp-json\/wp\/v2\/product_tag?post=25506"}],"curies":[{"name":"wp","href":"https:\/\/api.w.org\/{rel}","templated":true}]}}