{"id":25496,"date":"2025-11-11T20:12:39","date_gmt":"2025-11-11T18:12:39","guid":{"rendered":"https:\/\/www.nordi.ee\/toode\/kontoritool-darwin-cappuccino\/"},"modified":"2026-04-13T05:03:36","modified_gmt":"2026-04-13T02:03:36","slug":"kontoritool-darwin-cappuccino","status":"publish","type":"product","link":"https:\/\/www.nordi.ee\/en\/toode\/kontoritool-darwin-cappuccino\/","title":{"rendered":"Kontoritool DARWIN, cappuccino"},"content":{"rendered":"<p>m\u00f5\u00f5tmed: 66\/70\/120-126\/45-51 cm; MULTIBLOCK funktsioon \/ alumiiniumalust \/ alumiiniumk\u00e4etugi, \u00f6kok\u00e4sn, v\u00e4rv: kaputsiin<\/p>\n","protected":false},"excerpt":{"rendered":"<p>m\u00f5\u00f5tmed: 66\/70\/120-126\/45-51 cm; MULTIBLOCK funktsioon \/ alumiiniumalust \/ alumiiniumk\u00e4etugi, \u00f6kok\u00e4sn, v\u00e4rv: kaputsiin<\/p>\n","protected":false},"featured_media":12212,"comment_status":"closed","ping_status":"open","template":"","meta":{"_gspb_post_css":""},"product_brand":[],"product_cat":[216,4063],"product_tag":[],"class_list":{"0":"post-25496","1":"product","2":"type-product","3":"status-publish","4":"has-post-thumbnail","6":"product_cat-kontor","7":"product_cat-kontoritoolid","8":"pa_istmekorgus-45-51","9":"pa_kaetugi-fikseeritud-kaetugi","10":"pa_kandevoime-120-kg","11":"pa_kanga-varv-pruun","12":"pa_korgus-354","13":"pa_laius-471","14":"pa_mehhanism-multiblock","15":"pa_pakkide-arv-226","16":"pa_peatugi-ilma-peatugedeta","17":"pa_ratta-tuup-normaalne","18":"pa_stiil-klassikaline","19":"pa_stiil-moodne","20":"pa_sugavus-268","21":"pa_tooli-materjal-kunstnahk","22":"pa_tuba-kapp","23":"pa_tuba-kontor","24":"pa_vahelaos-jah","25":"pa_varv-pruun","27":"first","28":"instock","29":"sale","30":"purchasable","31":"product-type-simple"},"_links":{"self":[{"href":"https:\/\/www.nordi.ee\/en\/wp-json\/wp\/v2\/product\/25496","targetHints":{"allow":["GET"]}}],"collection":[{"href":"https:\/\/www.nordi.ee\/en\/wp-json\/wp\/v2\/product"}],"about":[{"href":"https:\/\/www.nordi.ee\/en\/wp-json\/wp\/v2\/types\/product"}],"replies":[{"embeddable":true,"href":"https:\/\/www.nordi.ee\/en\/wp-json\/wp\/v2\/comments?post=25496"}],"wp:featuredmedia":[{"embeddable":true,"href":"https:\/\/www.nordi.ee\/en\/wp-json\/wp\/v2\/media\/12212"}],"wp:attachment":[{"href":"https:\/\/www.nordi.ee\/en\/wp-json\/wp\/v2\/media?parent=25496"}],"wp:term":[{"taxonomy":"product_brand","embeddable":true,"href":"https:\/\/www.nordi.ee\/en\/wp-json\/wp\/v2\/product_brand?post=25496"},{"taxonomy":"product_cat","embeddable":true,"href":"https:\/\/www.nordi.ee\/en\/wp-json\/wp\/v2\/product_cat?post=25496"},{"taxonomy":"product_tag","embeddable":true,"href":"https:\/\/www.nordi.ee\/en\/wp-json\/wp\/v2\/product_tag?post=25496"}],"curies":[{"name":"wp","href":"https:\/\/api.w.org\/{rel}","templated":true}]}}