{"id":25446,"date":"2025-11-11T20:12:39","date_gmt":"2025-11-11T18:12:39","guid":{"rendered":"https:\/\/www.nordi.ee\/toode\/dario-puhketool-koos-jala-toega-beez\/"},"modified":"2026-04-13T05:03:34","modified_gmt":"2026-04-13T02:03:34","slug":"tugitool-dara-tumbaga-beez","status":"publish","type":"product","link":"https:\/\/www.nordi.ee\/en\/toode\/tugitool-dara-tumbaga-beez\/","title":{"rendered":"Tugitool DARA tumbaga, bee\u017e"},"content":{"rendered":"<p>m\u00f5\u00f5tmed: 80\/90\/100\/45 cm ja 50\/45\/42 cm, tugitool koos jalatoega ja kiikfunktsiooniga, materjal: kangas \/ pulberkattega teras, v\u00e4rv: bee\u017e<\/p>\n","protected":false},"excerpt":{"rendered":"<p>m\u00f5\u00f5tmed: 80\/90\/100\/45 cm ja 50\/45\/42 cm, tugitool koos jalatoega ja kiikfunktsiooniga, materjal: kangas \/ pulberkattega teras, v\u00e4rv: bee\u017e<\/p>\n","protected":false},"featured_media":12200,"comment_status":"closed","ping_status":"closed","template":"","meta":{"_gspb_post_css":""},"product_brand":[],"product_cat":[215,188],"product_tag":[],"class_list":{"0":"post-25446","1":"product","2":"type-product","3":"status-publish","4":"has-post-thumbnail","6":"product_cat-pehme-moobel","7":"product_cat-tugitoolid","8":"pa_istmekorgus-362","9":"pa_jalgade-raami-materjal-metall","10":"pa_jalgade-raami-varv-must","11":"pa_kanga-tuup-kangas","12":"pa_kanga-varv-beez","13":"pa_korgus-636","14":"pa_laius-353","15":"pa_lisafunktsioonid-360-poorlev","16":"pa_lisafunktsioonid-jari","17":"pa_lisafunktsioonid-kiikfunktsioon","18":"pa_pakkide-arv-226","19":"pa_stiil-kaasaegne","20":"pa_sugavus-351","21":"pa_vahelaos-jah","22":"pa_varv-beez","24":"first","25":"instock","26":"sale","27":"purchasable","28":"product-type-simple"},"_links":{"self":[{"href":"https:\/\/www.nordi.ee\/en\/wp-json\/wp\/v2\/product\/25446","targetHints":{"allow":["GET"]}}],"collection":[{"href":"https:\/\/www.nordi.ee\/en\/wp-json\/wp\/v2\/product"}],"about":[{"href":"https:\/\/www.nordi.ee\/en\/wp-json\/wp\/v2\/types\/product"}],"replies":[{"embeddable":true,"href":"https:\/\/www.nordi.ee\/en\/wp-json\/wp\/v2\/comments?post=25446"}],"wp:featuredmedia":[{"embeddable":true,"href":"https:\/\/www.nordi.ee\/en\/wp-json\/wp\/v2\/media\/12200"}],"wp:attachment":[{"href":"https:\/\/www.nordi.ee\/en\/wp-json\/wp\/v2\/media?parent=25446"}],"wp:term":[{"taxonomy":"product_brand","embeddable":true,"href":"https:\/\/www.nordi.ee\/en\/wp-json\/wp\/v2\/product_brand?post=25446"},{"taxonomy":"product_cat","embeddable":true,"href":"https:\/\/www.nordi.ee\/en\/wp-json\/wp\/v2\/product_cat?post=25446"},{"taxonomy":"product_tag","embeddable":true,"href":"https:\/\/www.nordi.ee\/en\/wp-json\/wp\/v2\/product_tag?post=25446"}],"curies":[{"name":"wp","href":"https:\/\/api.w.org\/{rel}","templated":true}]}}