{"id":25406,"date":"2025-11-11T20:10:48","date_gmt":"2025-11-11T18:10:48","guid":{"rendered":"https:\/\/www.nordi.ee\/toode\/soogilaud-danilo-pahkel-must\/"},"modified":"2026-04-13T05:03:32","modified_gmt":"2026-04-13T02:03:32","slug":"soogilaud-danilo-pahkel-must","status":"publish","type":"product","link":"https:\/\/www.nordi.ee\/en\/toode\/soogilaud-danilo-pahkel-must\/","title":{"rendered":"S\u00f6\u00f6gilaud DANILO, p\u00e4hkel \/ must"},"content":{"rendered":"<p>m\u00f5\u00f5tmed: 120\/74\/65 cm; materjal: MDF + naturaalne fandiir \/ pulberkattega teras, v\u00e4rv: \u00fclemine osa &#8211; puituuk, jalad &#8211; mustad<\/p>\n","protected":false},"excerpt":{"rendered":"<p>m\u00f5\u00f5tmed: 120\/74\/65 cm; materjal: MDF + naturaalne fandiir \/ pulberkattega teras, v\u00e4rv: \u00fclemine osa &#8211; puituuk, jalad &#8211; mustad<\/p>\n","protected":false},"featured_media":12192,"comment_status":"closed","ping_status":"open","template":"","meta":{"_gspb_post_css":""},"product_brand":[],"product_cat":[190,167],"product_tag":[],"class_list":{"0":"post-25406","1":"product","2":"type-product","3":"status-publish","4":"has-post-thumbnail","6":"product_cat-soogilauad","7":"product_cat-soogituba","8":"pa_jalgade-arv-289","9":"pa_korgus-677","10":"pa_laius-286","11":"pa_laua-suurus-5-person","12":"pa_laua-varvus-pahkel","13":"pa_laua-viimistlus-matt","14":"pa_lauaplaadi-kuju-ummargune","15":"pa_lauaplaadi-materjal-spoon","16":"pa_pakkide-arv-295","17":"pa_pikendatav-ei","18":"pa_raami-materjal-metall","19":"pa_stiil-klassikaline","20":"pa_stiil-modernne","21":"pa_stiil-retro","22":"pa_sugavus-1832","23":"pa_vahelaos-ei","24":"pa_varv-must","25":"pa_varv-pahkel","27":"first","28":"instock","29":"sale","30":"purchasable","31":"product-type-simple"},"_links":{"self":[{"href":"https:\/\/www.nordi.ee\/en\/wp-json\/wp\/v2\/product\/25406","targetHints":{"allow":["GET"]}}],"collection":[{"href":"https:\/\/www.nordi.ee\/en\/wp-json\/wp\/v2\/product"}],"about":[{"href":"https:\/\/www.nordi.ee\/en\/wp-json\/wp\/v2\/types\/product"}],"replies":[{"embeddable":true,"href":"https:\/\/www.nordi.ee\/en\/wp-json\/wp\/v2\/comments?post=25406"}],"wp:featuredmedia":[{"embeddable":true,"href":"https:\/\/www.nordi.ee\/en\/wp-json\/wp\/v2\/media\/12192"}],"wp:attachment":[{"href":"https:\/\/www.nordi.ee\/en\/wp-json\/wp\/v2\/media?parent=25406"}],"wp:term":[{"taxonomy":"product_brand","embeddable":true,"href":"https:\/\/www.nordi.ee\/en\/wp-json\/wp\/v2\/product_brand?post=25406"},{"taxonomy":"product_cat","embeddable":true,"href":"https:\/\/www.nordi.ee\/en\/wp-json\/wp\/v2\/product_cat?post=25406"},{"taxonomy":"product_tag","embeddable":true,"href":"https:\/\/www.nordi.ee\/en\/wp-json\/wp\/v2\/product_tag?post=25406"}],"curies":[{"name":"wp","href":"https:\/\/api.w.org\/{rel}","templated":true}]}}