{"id":25385,"date":"2025-11-11T20:10:48","date_gmt":"2025-11-11T18:10:48","guid":{"rendered":"https:\/\/www.nordi.ee\/toode\/pikendatav-soogilaud-dancan-valge-marmor-hall-helesinine-must\/"},"modified":"2026-04-13T05:03:31","modified_gmt":"2026-04-13T02:03:31","slug":"pikendatav-soogilaud-dancan-marmor","status":"publish","type":"product","link":"https:\/\/www.nordi.ee\/en\/toode\/pikendatav-soogilaud-dancan-marmor\/","title":{"rendered":"Pikendatav S\u00f6\u00f6gilaud DANCAN, valge marmor"},"content":{"rendered":"<p>m\u00f5\u00f5tmed: 160-220\/90\/76 cm, pikendatav laud, materjal: keraamika \/ lakitud MDF \/ pulberv\u00e4rvitud teras, v\u00e4rv: pealmine osa &#8211; valge marmor \/ hall, jalad &#8211; heledat halli \/ musta<\/p>\n","protected":false},"excerpt":{"rendered":"<p>m\u00f5\u00f5tmed: 160-220\/90\/76 cm, pikendatav laud, materjal: keraamika \/ lakitud MDF \/ pulberv\u00e4rvitud teras, v\u00e4rv: pealmine osa &#8211; valge marmor \/ hall, jalad &#8211; heledat halli \/ musta<\/p>\n","protected":false},"featured_media":12188,"comment_status":"closed","ping_status":"closed","template":"","meta":{"_gspb_post_css":""},"product_brand":[],"product_cat":[190,167],"product_tag":[],"class_list":{"0":"post-25385","1":"product","2":"type-product","3":"status-publish","4":"has-post-thumbnail","6":"product_cat-soogilauad","7":"product_cat-soogituba","8":"pa_jalgade-arv-494","9":"pa_korgus-406","10":"pa_laius-349","11":"pa_laua-suurus-10-person-6-person","12":"pa_laua-varvus-hall","13":"pa_laua-varvus-valge-marmor","14":"pa_laua-viimistlus-laikiv","15":"pa_lauaplaadi-kuju-ristkulikukujuline","16":"pa_lauaplaadi-materjal-keraamika","17":"pa_maximum-pikkus-4212","18":"pa_pakkide-arv-466","19":"pa_pikendatav-jah","20":"pa_raami-materjal-metall","21":"pa_stiil-kaasaegne","22":"pa_sugavus-4084","23":"pa_vahelaos-ei","24":"pa_varv-marmor","25":"pa_varv-hall","27":"first","28":"instock","29":"sale","30":"purchasable","31":"product-type-simple"},"_links":{"self":[{"href":"https:\/\/www.nordi.ee\/en\/wp-json\/wp\/v2\/product\/25385","targetHints":{"allow":["GET"]}}],"collection":[{"href":"https:\/\/www.nordi.ee\/en\/wp-json\/wp\/v2\/product"}],"about":[{"href":"https:\/\/www.nordi.ee\/en\/wp-json\/wp\/v2\/types\/product"}],"replies":[{"embeddable":true,"href":"https:\/\/www.nordi.ee\/en\/wp-json\/wp\/v2\/comments?post=25385"}],"wp:featuredmedia":[{"embeddable":true,"href":"https:\/\/www.nordi.ee\/en\/wp-json\/wp\/v2\/media\/12188"}],"wp:attachment":[{"href":"https:\/\/www.nordi.ee\/en\/wp-json\/wp\/v2\/media?parent=25385"}],"wp:term":[{"taxonomy":"product_brand","embeddable":true,"href":"https:\/\/www.nordi.ee\/en\/wp-json\/wp\/v2\/product_brand?post=25385"},{"taxonomy":"product_cat","embeddable":true,"href":"https:\/\/www.nordi.ee\/en\/wp-json\/wp\/v2\/product_cat?post=25385"},{"taxonomy":"product_tag","embeddable":true,"href":"https:\/\/www.nordi.ee\/en\/wp-json\/wp\/v2\/product_tag?post=25385"}],"curies":[{"name":"wp","href":"https:\/\/api.w.org\/{rel}","templated":true}]}}