{"id":25369,"date":"2025-11-11T20:10:48","date_gmt":"2025-11-11T18:10:48","guid":{"rendered":"https:\/\/www.nordi.ee\/toode\/kohvilaud-dakota-suitsune-naturaalne\/"},"modified":"2026-04-13T05:03:30","modified_gmt":"2026-04-13T02:03:30","slug":"kohvilaud-dakota-suitsune-naturaalne","status":"publish","type":"product","link":"https:\/\/www.nordi.ee\/en\/toode\/kohvilaud-dakota-suitsune-naturaalne\/","title":{"rendered":"Kohvilaud DAKOTA, suitsune \/ naturaalne"},"content":{"rendered":"<p>m\u00f5\u00f5tmed: \u00f8 60\/45 cm, materjal: klaas \/ s\u00fcnteetiline rattan \/ pulberkattega teras, v\u00e4rv: suitsune \/ looduslik<\/p>\n","protected":false},"excerpt":{"rendered":"<p>m\u00f5\u00f5tmed: \u00f8 60\/45 cm, materjal: klaas \/ s\u00fcnteetiline rattan \/ pulberkattega teras, v\u00e4rv: suitsune \/ looduslik<\/p>\n","protected":false},"featured_media":12184,"comment_status":"closed","ping_status":"open","template":"","meta":{"_gspb_post_css":""},"product_brand":[],"product_cat":[178,165],"product_tag":[],"class_list":{"0":"post-25369","1":"product","2":"type-product","3":"status-publish","4":"has-post-thumbnail","6":"product_cat-diivanilauad","7":"product_cat-elutuba","8":"pa_korgus-343","9":"pa_laius-310","10":"pa_laua-varvus-labipaistev-klaas","11":"pa_laua-viimistlus-matt","12":"pa_lauaplaadi-kuju-ummargune","13":"pa_lauaplaadi-materjal-klaas","14":"pa_pakkide-arv-226","15":"pa_raami-materjal-metall","16":"pa_raami-varv-must","17":"pa_stiil-boho","18":"pa_stiil-loft","19":"pa_sugavus-316","20":"pa_vahelaos-jah","21":"pa_varv-labipaistev","22":"pa_varv-must","24":"first","25":"instock","26":"sale","27":"purchasable","28":"product-type-simple"},"_links":{"self":[{"href":"https:\/\/www.nordi.ee\/en\/wp-json\/wp\/v2\/product\/25369","targetHints":{"allow":["GET"]}}],"collection":[{"href":"https:\/\/www.nordi.ee\/en\/wp-json\/wp\/v2\/product"}],"about":[{"href":"https:\/\/www.nordi.ee\/en\/wp-json\/wp\/v2\/types\/product"}],"replies":[{"embeddable":true,"href":"https:\/\/www.nordi.ee\/en\/wp-json\/wp\/v2\/comments?post=25369"}],"wp:featuredmedia":[{"embeddable":true,"href":"https:\/\/www.nordi.ee\/en\/wp-json\/wp\/v2\/media\/12184"}],"wp:attachment":[{"href":"https:\/\/www.nordi.ee\/en\/wp-json\/wp\/v2\/media?parent=25369"}],"wp:term":[{"taxonomy":"product_brand","embeddable":true,"href":"https:\/\/www.nordi.ee\/en\/wp-json\/wp\/v2\/product_brand?post=25369"},{"taxonomy":"product_cat","embeddable":true,"href":"https:\/\/www.nordi.ee\/en\/wp-json\/wp\/v2\/product_cat?post=25369"},{"taxonomy":"product_tag","embeddable":true,"href":"https:\/\/www.nordi.ee\/en\/wp-json\/wp\/v2\/product_tag?post=25369"}],"curies":[{"name":"wp","href":"https:\/\/api.w.org\/{rel}","templated":true}]}}