{"id":25368,"date":"2025-11-11T20:10:39","date_gmt":"2025-11-11T18:10:39","guid":{"rendered":"https:\/\/www.nordi.ee\/toode\/soogilaud-cyryl-labipaistev\/"},"modified":"2026-04-13T05:03:28","modified_gmt":"2026-04-13T02:03:28","slug":"soogilaud-cyryl-labipaistev","status":"publish","type":"product","link":"https:\/\/www.nordi.ee\/en\/toode\/soogilaud-cyryl-labipaistev\/","title":{"rendered":"S\u00f6\u00f6gilaud CYRYL, l\u00e4bipaistev"},"content":{"rendered":"<p>m\u00f5\u00f5tmed: fi80\/74 cm, materjal: klaas \/ kromiseeritud teras \/ marmor, v\u00e4rv: klaas &#8211; l\u00e4bipaistev<\/p>\n","protected":false},"excerpt":{"rendered":"<p>m\u00f5\u00f5tmed: fi80\/74 cm, materjal: klaas \/ kromiseeritud teras \/ marmor, v\u00e4rv: klaas &#8211; l\u00e4bipaistev<\/p>\n","protected":false},"featured_media":12182,"comment_status":"closed","ping_status":"open","template":"","meta":{"_gspb_post_css":""},"product_brand":[],"product_cat":[190,167],"product_tag":[],"class_list":{"0":"post-25368","1":"product","2":"type-product","3":"status-publish","4":"has-post-thumbnail","6":"product_cat-soogilauad","7":"product_cat-soogituba","8":"pa_jalgade-arv-494","9":"pa_korgus-677","10":"pa_laius-353","11":"pa_laua-suurus-4-person","12":"pa_laua-varvus-labipaistev-klaas","13":"pa_laua-viimistlus-laikiv","14":"pa_lauaplaadi-kuju-ummargune","15":"pa_lauaplaadi-materjal-klaas","16":"pa_pakkide-arv-466","17":"pa_pikendatav-ei","18":"pa_stiil-traditsiooniline","19":"pa_sugavus-475","20":"pa_vahelaos-jah","21":"pa_varv-kroomitud","22":"pa_varv-must","24":"first","25":"instock","26":"sale","27":"purchasable","28":"product-type-simple"},"_links":{"self":[{"href":"https:\/\/www.nordi.ee\/en\/wp-json\/wp\/v2\/product\/25368","targetHints":{"allow":["GET"]}}],"collection":[{"href":"https:\/\/www.nordi.ee\/en\/wp-json\/wp\/v2\/product"}],"about":[{"href":"https:\/\/www.nordi.ee\/en\/wp-json\/wp\/v2\/types\/product"}],"replies":[{"embeddable":true,"href":"https:\/\/www.nordi.ee\/en\/wp-json\/wp\/v2\/comments?post=25368"}],"wp:featuredmedia":[{"embeddable":true,"href":"https:\/\/www.nordi.ee\/en\/wp-json\/wp\/v2\/media\/12182"}],"wp:attachment":[{"href":"https:\/\/www.nordi.ee\/en\/wp-json\/wp\/v2\/media?parent=25368"}],"wp:term":[{"taxonomy":"product_brand","embeddable":true,"href":"https:\/\/www.nordi.ee\/en\/wp-json\/wp\/v2\/product_brand?post=25368"},{"taxonomy":"product_cat","embeddable":true,"href":"https:\/\/www.nordi.ee\/en\/wp-json\/wp\/v2\/product_cat?post=25368"},{"taxonomy":"product_tag","embeddable":true,"href":"https:\/\/www.nordi.ee\/en\/wp-json\/wp\/v2\/product_tag?post=25368"}],"curies":[{"name":"wp","href":"https:\/\/api.w.org\/{rel}","templated":true}]}}