{"id":25305,"date":"2025-11-11T20:10:10","date_gmt":"2025-11-11T18:10:10","guid":{"rendered":"https:\/\/www.nordi.ee\/toode\/cricket-puf-varv-hele-roosa\/"},"modified":"2026-04-13T05:03:19","modified_gmt":"2026-04-13T02:03:19","slug":"cricket-puf-varv-hele-roosa","status":"publish","type":"product","link":"https:\/\/www.nordi.ee\/en\/toode\/cricket-puf-varv-hele-roosa\/","title":{"rendered":"CRICKET puf v\u00e4rv: hele roosa"},"content":{"rendered":"<p>m\u00f5\u00f5tmed: fi40\/46 cm, pufs koos hoiufunktsiooniga, materjal: sametkangas \/ pulberv\u00e4rvitud teras, v\u00e4rvid: helesinine roosa<\/p>\n","protected":false},"excerpt":{"rendered":"<p>m\u00f5\u00f5tmed: fi40\/46 cm, pufs koos hoiufunktsiooniga, materjal: sametkangas \/ pulberv\u00e4rvitud teras, v\u00e4rvid: helesinine roosa<\/p>\n","protected":false},"featured_media":12148,"comment_status":"closed","ping_status":"open","template":"","meta":{"_gspb_post_css":""},"product_brand":[],"product_cat":[4064],"product_tag":[],"class_list":{"0":"post-25305","1":"product","2":"type-product","3":"status-publish","4":"has-post-thumbnail","6":"product_cat-tumbad","7":"pa_istmekorgus-647","8":"pa_jalgade-raami-materjal-metall","9":"pa_jalgade-raami-varv-hobedane","10":"pa_kanga-tuup-sametkangas","11":"pa_kanga-varv-roosa","12":"pa_korgus-350","13":"pa_laius-572","14":"pa_lisafunktsioonid-pesukast","15":"pa_pakkide-arv-226","16":"pa_stiil-glamuur","17":"pa_stiil-moodne","18":"pa_sugavus-646","19":"pa_tooli-materjal-sametkangas","20":"pa_vahelaos-jah","21":"pa_varv-roosa","23":"first","24":"instock","25":"sale","26":"purchasable","27":"product-type-simple"},"_links":{"self":[{"href":"https:\/\/www.nordi.ee\/en\/wp-json\/wp\/v2\/product\/25305","targetHints":{"allow":["GET"]}}],"collection":[{"href":"https:\/\/www.nordi.ee\/en\/wp-json\/wp\/v2\/product"}],"about":[{"href":"https:\/\/www.nordi.ee\/en\/wp-json\/wp\/v2\/types\/product"}],"replies":[{"embeddable":true,"href":"https:\/\/www.nordi.ee\/en\/wp-json\/wp\/v2\/comments?post=25305"}],"wp:featuredmedia":[{"embeddable":true,"href":"https:\/\/www.nordi.ee\/en\/wp-json\/wp\/v2\/media\/12148"}],"wp:attachment":[{"href":"https:\/\/www.nordi.ee\/en\/wp-json\/wp\/v2\/media?parent=25305"}],"wp:term":[{"taxonomy":"product_brand","embeddable":true,"href":"https:\/\/www.nordi.ee\/en\/wp-json\/wp\/v2\/product_brand?post=25305"},{"taxonomy":"product_cat","embeddable":true,"href":"https:\/\/www.nordi.ee\/en\/wp-json\/wp\/v2\/product_cat?post=25305"},{"taxonomy":"product_tag","embeddable":true,"href":"https:\/\/www.nordi.ee\/en\/wp-json\/wp\/v2\/product_tag?post=25305"}],"curies":[{"name":"wp","href":"https:\/\/api.w.org\/{rel}","templated":true}]}}