{"id":25204,"date":"2025-11-11T20:09:40","date_gmt":"2025-11-11T18:09:40","guid":{"rendered":"https:\/\/www.nordi.ee\/toode\/soogilaua-komplekt-cordoba-4-tooli\/"},"modified":"2026-04-13T05:03:10","modified_gmt":"2026-04-13T02:03:10","slug":"soogilaua-komplekt-cordoba-4-tooli","status":"publish","type":"product","link":"https:\/\/www.nordi.ee\/en\/toode\/soogilaua-komplekt-cordoba-4-tooli\/","title":{"rendered":"S\u00f6\u00f6gilaua komplekt CORDOBA + 4 tooli"},"content":{"rendered":"<p>m\u00f5\u00f5dud: 120\/80\/75 cm, materjal: MDF + looduslik vineer \/ kangas, v\u00e4rv: puit &#8211; hele tamm \/ polster &#8211; mokate<\/p>\n","protected":false},"excerpt":{"rendered":"<p>m\u00f5\u00f5dud: 120\/80\/75 cm, materjal: MDF + looduslik vineer \/ kangas, v\u00e4rv: puit &#8211; hele tamm \/ polster &#8211; mokate<\/p>\n","protected":false},"featured_media":12094,"comment_status":"closed","ping_status":"open","template":"","meta":{"_gspb_post_css":""},"product_brand":[],"product_cat":[211,167],"product_tag":[],"class_list":{"0":"post-25204","1":"product","2":"type-product","3":"status-publish","4":"has-post-thumbnail","6":"product_cat-soogilaua-komplektid","7":"product_cat-soogituba","8":"pa_korgus-287","9":"pa_laius-353","10":"pa_materjal-puitspoon","11":"pa_pakkide-arv-226","12":"pa_raami-varv-tamm","13":"pa_stiil-skandinaavia","14":"pa_stiil-traditsiooniline","15":"pa_sugavus-1832","16":"pa_vahelaos-jah","17":"pa_varv-tamm","19":"first","20":"instock","21":"sale","22":"purchasable","23":"product-type-simple"},"_links":{"self":[{"href":"https:\/\/www.nordi.ee\/en\/wp-json\/wp\/v2\/product\/25204","targetHints":{"allow":["GET"]}}],"collection":[{"href":"https:\/\/www.nordi.ee\/en\/wp-json\/wp\/v2\/product"}],"about":[{"href":"https:\/\/www.nordi.ee\/en\/wp-json\/wp\/v2\/types\/product"}],"replies":[{"embeddable":true,"href":"https:\/\/www.nordi.ee\/en\/wp-json\/wp\/v2\/comments?post=25204"}],"wp:featuredmedia":[{"embeddable":true,"href":"https:\/\/www.nordi.ee\/en\/wp-json\/wp\/v2\/media\/12094"}],"wp:attachment":[{"href":"https:\/\/www.nordi.ee\/en\/wp-json\/wp\/v2\/media?parent=25204"}],"wp:term":[{"taxonomy":"product_brand","embeddable":true,"href":"https:\/\/www.nordi.ee\/en\/wp-json\/wp\/v2\/product_brand?post=25204"},{"taxonomy":"product_cat","embeddable":true,"href":"https:\/\/www.nordi.ee\/en\/wp-json\/wp\/v2\/product_cat?post=25204"},{"taxonomy":"product_tag","embeddable":true,"href":"https:\/\/www.nordi.ee\/en\/wp-json\/wp\/v2\/product_tag?post=25204"}],"curies":[{"name":"wp","href":"https:\/\/api.w.org\/{rel}","templated":true}]}}