{"id":25176,"date":"2025-11-11T20:09:27","date_gmt":"2025-11-11T18:09:27","guid":{"rendered":"https:\/\/www.nordi.ee\/toode\/seinapeegel-castona\/"},"modified":"2026-04-13T05:03:08","modified_gmt":"2026-04-13T02:03:08","slug":"seinapeegel-castona","status":"publish","type":"product","link":"https:\/\/www.nordi.ee\/en\/toode\/seinapeegel-castona\/","title":{"rendered":"Seinapeegel CASTONA"},"content":{"rendered":"<p>seisev peegel v\u00f5i seinapeegel, m\u00f5\u00f5tmed: 160\/70\/3 cm, materjal: raam &#8211; kangas &#8211; samet \/ alus &#8211; MDF-paneel \/ peegel, v\u00e4rv: kaneel<\/p>\n","protected":false},"excerpt":{"rendered":"<p>seisev peegel v\u00f5i seinapeegel, m\u00f5\u00f5tmed: 160\/70\/3 cm, materjal: raam &#8211; kangas &#8211; samet \/ alus &#8211; MDF-paneel \/ peegel, v\u00e4rv: kaneel<\/p>\n","protected":false},"featured_media":12084,"comment_status":"closed","ping_status":"open","template":"","meta":{"_gspb_post_css":""},"product_brand":[],"product_cat":[181],"product_tag":[],"class_list":{"0":"post-25176","1":"product","2":"type-product","3":"status-publish","4":"has-post-thumbnail","6":"product_cat-peeglid","7":"pa_korgus-1009","8":"pa_laius-427","9":"pa_materjal-kangas","10":"pa_pakkide-arv-226","11":"pa_raami-materjal-sametkangas","12":"pa_stiil-kaasaegne","13":"pa_sugavus-1010","14":"pa_vahelaos-jah","15":"pa_varv-kaneel","17":"first","18":"instock","19":"sale","20":"purchasable","21":"product-type-simple"},"_links":{"self":[{"href":"https:\/\/www.nordi.ee\/en\/wp-json\/wp\/v2\/product\/25176","targetHints":{"allow":["GET"]}}],"collection":[{"href":"https:\/\/www.nordi.ee\/en\/wp-json\/wp\/v2\/product"}],"about":[{"href":"https:\/\/www.nordi.ee\/en\/wp-json\/wp\/v2\/types\/product"}],"replies":[{"embeddable":true,"href":"https:\/\/www.nordi.ee\/en\/wp-json\/wp\/v2\/comments?post=25176"}],"wp:featuredmedia":[{"embeddable":true,"href":"https:\/\/www.nordi.ee\/en\/wp-json\/wp\/v2\/media\/12084"}],"wp:attachment":[{"href":"https:\/\/www.nordi.ee\/en\/wp-json\/wp\/v2\/media?parent=25176"}],"wp:term":[{"taxonomy":"product_brand","embeddable":true,"href":"https:\/\/www.nordi.ee\/en\/wp-json\/wp\/v2\/product_brand?post=25176"},{"taxonomy":"product_cat","embeddable":true,"href":"https:\/\/www.nordi.ee\/en\/wp-json\/wp\/v2\/product_cat?post=25176"},{"taxonomy":"product_tag","embeddable":true,"href":"https:\/\/www.nordi.ee\/en\/wp-json\/wp\/v2\/product_tag?post=25176"}],"curies":[{"name":"wp","href":"https:\/\/api.w.org\/{rel}","templated":true}]}}