{"id":25149,"date":"2025-11-11T20:09:16","date_gmt":"2025-11-11T18:09:16","guid":{"rendered":"https:\/\/www.nordi.ee\/toode\/kirjutuslaud-castlia-valge-roheline-roosa\/"},"modified":"2026-04-13T05:03:06","modified_gmt":"2026-04-13T02:03:06","slug":"kirjutuslaud-castlia-valge-roheline-roosa","status":"publish","type":"product","link":"https:\/\/www.nordi.ee\/en\/toode\/kirjutuslaud-castlia-valge-roheline-roosa\/","title":{"rendered":"Kirjutuslaud  CASTLIA: valge\/roheline\/roosa"},"content":{"rendered":"<p>laud, millel on reguleeritav k\u00f5rgus ja lauaplaadi nurk, m\u00f5\u00f5tmed: 100\/66\/69\u00f784 cm, materjal: lakitud MDF \/ v\u00e4rvitud teras, v\u00e4rv: valge \/ roheline \/ roosa (kaasas 2 komplekti kaunistusi)<\/p>\n","protected":false},"excerpt":{"rendered":"<p>laud, millel on reguleeritav k\u00f5rgus ja lauaplaadi nurk, m\u00f5\u00f5tmed: 100\/66\/69\u00f784 cm, materjal: lakitud MDF \/ v\u00e4rvitud teras, v\u00e4rv: valge \/ roheline \/ roosa (kaasas 2 komplekti kaunistusi)<\/p>\n","protected":false},"featured_media":12067,"comment_status":"closed","ping_status":"open","template":"","meta":{"_gspb_post_css":""},"product_brand":[],"product_cat":[196,216],"product_tag":[],"class_list":{"0":"post-25149","1":"product","2":"type-product","3":"status-publish","4":"has-post-thumbnail","6":"product_cat-kirjutuslauad","7":"product_cat-kontor","8":"pa_korgus-4106","9":"pa_laius-615","10":"pa_materjal-lakitud-mdf","11":"pa_pakkide-arv-226","12":"pa_stiil-kaasaegne","13":"pa_sugavus-999","14":"pa_vahelaos-ei","15":"pa_varv-valge","17":"first","18":"instock","19":"sale","20":"purchasable","21":"product-type-simple"},"_links":{"self":[{"href":"https:\/\/www.nordi.ee\/en\/wp-json\/wp\/v2\/product\/25149","targetHints":{"allow":["GET"]}}],"collection":[{"href":"https:\/\/www.nordi.ee\/en\/wp-json\/wp\/v2\/product"}],"about":[{"href":"https:\/\/www.nordi.ee\/en\/wp-json\/wp\/v2\/types\/product"}],"replies":[{"embeddable":true,"href":"https:\/\/www.nordi.ee\/en\/wp-json\/wp\/v2\/comments?post=25149"}],"wp:featuredmedia":[{"embeddable":true,"href":"https:\/\/www.nordi.ee\/en\/wp-json\/wp\/v2\/media\/12067"}],"wp:attachment":[{"href":"https:\/\/www.nordi.ee\/en\/wp-json\/wp\/v2\/media?parent=25149"}],"wp:term":[{"taxonomy":"product_brand","embeddable":true,"href":"https:\/\/www.nordi.ee\/en\/wp-json\/wp\/v2\/product_brand?post=25149"},{"taxonomy":"product_cat","embeddable":true,"href":"https:\/\/www.nordi.ee\/en\/wp-json\/wp\/v2\/product_cat?post=25149"},{"taxonomy":"product_tag","embeddable":true,"href":"https:\/\/www.nordi.ee\/en\/wp-json\/wp\/v2\/product_tag?post=25149"}],"curies":[{"name":"wp","href":"https:\/\/api.w.org\/{rel}","templated":true}]}}