{"id":25127,"date":"2025-11-11T20:09:03","date_gmt":"2025-11-11T18:09:03","guid":{"rendered":"https:\/\/www.nordi.ee\/toode\/soogilaud-castessa-varv-valge-marmor-jalad-kuldne\/"},"modified":"2026-04-13T05:03:03","modified_gmt":"2026-04-13T02:03:03","slug":"soogilaud-castessa-valge-marmor","status":"publish","type":"product","link":"https:\/\/www.nordi.ee\/en\/toode\/soogilaud-castessa-valge-marmor\/","title":{"rendered":"S\u00f6\u00f6gilaud CASTESSA, valge marmor"},"content":{"rendered":"<p>m\u00f5\u00f5tmed: 160\/90\/76\/120 cm; materjal: sinterdatud kivi \/ roostevaba teras, v\u00e4rv: pealmine &#8211; valge marmor, jalad &#8211; kuldne<\/p>\n","protected":false},"excerpt":{"rendered":"<p>m\u00f5\u00f5tmed: 160\/90\/76\/120 cm; materjal: sinterdatud kivi \/ roostevaba teras, v\u00e4rv: pealmine &#8211; valge marmor, jalad &#8211; kuldne<\/p>\n","protected":false},"featured_media":12053,"comment_status":"closed","ping_status":"closed","template":"","meta":{"_gspb_post_css":""},"product_brand":[],"product_cat":[190,167],"product_tag":[],"class_list":{"0":"post-25127","1":"product","2":"type-product","3":"status-publish","4":"has-post-thumbnail","6":"product_cat-soogilauad","7":"product_cat-soogituba","8":"pa_jalgade-arv-289","9":"pa_korgus-406","10":"pa_laius-349","11":"pa_laua-suurus-6-person","12":"pa_laua-varvus-valge-marmor","13":"pa_laua-viimistlus-laikiv","14":"pa_lauaplaadi-kuju-ristkulikukujuline","15":"pa_lauaplaadi-materjal-sinter","16":"pa_pakkide-arv-295","17":"pa_pikendatav-ei","18":"pa_raami-materjal-metall","19":"pa_stiil-glamuurne","20":"pa_stiil-kaasaegne","21":"pa_sugavus-4084","22":"pa_vahelaos-jah","23":"pa_varv-kuldne","24":"pa_varv-valge","26":"first","27":"instock","28":"sale","29":"purchasable","30":"product-type-simple"},"_links":{"self":[{"href":"https:\/\/www.nordi.ee\/en\/wp-json\/wp\/v2\/product\/25127","targetHints":{"allow":["GET"]}}],"collection":[{"href":"https:\/\/www.nordi.ee\/en\/wp-json\/wp\/v2\/product"}],"about":[{"href":"https:\/\/www.nordi.ee\/en\/wp-json\/wp\/v2\/types\/product"}],"replies":[{"embeddable":true,"href":"https:\/\/www.nordi.ee\/en\/wp-json\/wp\/v2\/comments?post=25127"}],"wp:featuredmedia":[{"embeddable":true,"href":"https:\/\/www.nordi.ee\/en\/wp-json\/wp\/v2\/media\/12053"}],"wp:attachment":[{"href":"https:\/\/www.nordi.ee\/en\/wp-json\/wp\/v2\/media?parent=25127"}],"wp:term":[{"taxonomy":"product_brand","embeddable":true,"href":"https:\/\/www.nordi.ee\/en\/wp-json\/wp\/v2\/product_brand?post=25127"},{"taxonomy":"product_cat","embeddable":true,"href":"https:\/\/www.nordi.ee\/en\/wp-json\/wp\/v2\/product_cat?post=25127"},{"taxonomy":"product_tag","embeddable":true,"href":"https:\/\/www.nordi.ee\/en\/wp-json\/wp\/v2\/product_tag?post=25127"}],"curies":[{"name":"wp","href":"https:\/\/api.w.org\/{rel}","templated":true}]}}