{"id":25108,"date":"2025-11-11T20:09:03","date_gmt":"2025-11-11T18:09:03","guid":{"rendered":"https:\/\/www.nordi.ee\/toode\/laud-castaria-varv-sinine\/"},"modified":"2026-04-13T05:03:01","modified_gmt":"2026-04-13T02:03:01","slug":"laud-castaria-varv-sinine","status":"publish","type":"product","link":"https:\/\/www.nordi.ee\/en\/toode\/laud-castaria-varv-sinine\/","title":{"rendered":"Kohvilaud CASTARIA, v\u00e4rv sinine"},"content":{"rendered":"<p>m\u00f5\u00f5tmed: 40\/47 cm; materjal: lakitud MDF \/ massiivpuit, v\u00e4rv sinine<\/p>\n","protected":false},"excerpt":{"rendered":"<p>m\u00f5\u00f5tmed: 40\/47 cm; materjal: lakitud MDF \/ massiivpuit, v\u00e4rv sinine<\/p>\n","protected":false},"featured_media":12041,"comment_status":"closed","ping_status":"closed","template":"","meta":{"_gspb_post_css":""},"product_brand":[],"product_cat":[178,165],"product_tag":[],"class_list":{"0":"post-25108","1":"product","2":"type-product","3":"status-publish","4":"has-post-thumbnail","6":"product_cat-diivanilauad","7":"product_cat-elutuba","8":"pa_korgus-980","9":"pa_laius-572","10":"pa_laua-varvus-sinine","11":"pa_laua-viimistlus-matt","12":"pa_lauaplaadi-kuju-ummargune","13":"pa_lauaplaadi-materjal-lakitud-mdf","14":"pa_pakkide-arv-226","15":"pa_raami-materjal-puit","16":"pa_raami-varv-sinine","17":"pa_stiil-moodne","18":"pa_stiil-skandinaavia","19":"pa_sugavus-646","20":"pa_vahelaos-jah","21":"pa_varv-sinine","23":"first","24":"instock","25":"sale","26":"purchasable","27":"product-type-simple"},"_links":{"self":[{"href":"https:\/\/www.nordi.ee\/en\/wp-json\/wp\/v2\/product\/25108","targetHints":{"allow":["GET"]}}],"collection":[{"href":"https:\/\/www.nordi.ee\/en\/wp-json\/wp\/v2\/product"}],"about":[{"href":"https:\/\/www.nordi.ee\/en\/wp-json\/wp\/v2\/types\/product"}],"replies":[{"embeddable":true,"href":"https:\/\/www.nordi.ee\/en\/wp-json\/wp\/v2\/comments?post=25108"}],"wp:featuredmedia":[{"embeddable":true,"href":"https:\/\/www.nordi.ee\/en\/wp-json\/wp\/v2\/media\/12041"}],"wp:attachment":[{"href":"https:\/\/www.nordi.ee\/en\/wp-json\/wp\/v2\/media?parent=25108"}],"wp:term":[{"taxonomy":"product_brand","embeddable":true,"href":"https:\/\/www.nordi.ee\/en\/wp-json\/wp\/v2\/product_brand?post=25108"},{"taxonomy":"product_cat","embeddable":true,"href":"https:\/\/www.nordi.ee\/en\/wp-json\/wp\/v2\/product_cat?post=25108"},{"taxonomy":"product_tag","embeddable":true,"href":"https:\/\/www.nordi.ee\/en\/wp-json\/wp\/v2\/product_tag?post=25108"}],"curies":[{"name":"wp","href":"https:\/\/api.w.org\/{rel}","templated":true}]}}