{"id":25050,"date":"2025-11-11T20:08:35","date_gmt":"2025-11-11T18:08:35","guid":{"rendered":"https:\/\/www.nordi.ee\/toode\/pikendatav-soogilaud-castalto-hall\/"},"modified":"2026-04-13T05:02:56","modified_gmt":"2026-04-13T02:02:56","slug":"pikendatav-soogilaud-castalto-hall","status":"publish","type":"product","link":"https:\/\/www.nordi.ee\/en\/toode\/pikendatav-soogilaud-castalto-hall\/","title":{"rendered":"Pikendatav s\u00f6\u00f6gilaud CASTALTO, hall"},"content":{"rendered":"<p>m\u00f5\u00f5tmed: 180-260\/90\/76\/80-170 cm; pikendatav laud, materjal: laminaat MDF &#8211; melamiin \/ pulberkattega teras, v\u00e4rv: pind &#8211; hall p\u00e4hkel, jalad &#8211; mustad<\/p>\n","protected":false},"excerpt":{"rendered":"<p>m\u00f5\u00f5tmed: 180-260\/90\/76\/80-170 cm; pikendatav laud, materjal: laminaat MDF &#8211; melamiin \/ pulberkattega teras, v\u00e4rv: pind &#8211; hall p\u00e4hkel, jalad &#8211; mustad<\/p>\n","protected":false},"featured_media":12013,"comment_status":"closed","ping_status":"open","template":"","meta":{"_gspb_post_css":""},"product_brand":[],"product_cat":[190,167],"product_tag":[],"class_list":{"0":"post-25050","1":"product","2":"type-product","3":"status-publish","4":"has-post-thumbnail","6":"product_cat-soogilauad","7":"product_cat-soogituba","8":"pa_jalgade-arv-289","9":"pa_korgus-406","10":"pa_laius-349","11":"pa_laua-suurus-6-person-10-person","12":"pa_laua-varvus-hall-marmor","13":"pa_laua-viimistlus-matt","14":"pa_lauaplaadi-kuju-ristkulikukujuline","15":"pa_lauaplaadi-materjal-lamiiniga-kaetud-mdf","16":"pa_maximum-pikkus-4214","17":"pa_pakkide-arv-295","18":"pa_pikendatav-jah","19":"pa_raami-materjal-metall","20":"pa_stiil-kaasaegne","21":"pa_sugavus-4101","22":"pa_vahelaos-jah","23":"pa_varv-hall","24":"pa_varv-must","26":"first","27":"instock","28":"sale","29":"purchasable","30":"product-type-simple"},"_links":{"self":[{"href":"https:\/\/www.nordi.ee\/en\/wp-json\/wp\/v2\/product\/25050","targetHints":{"allow":["GET"]}}],"collection":[{"href":"https:\/\/www.nordi.ee\/en\/wp-json\/wp\/v2\/product"}],"about":[{"href":"https:\/\/www.nordi.ee\/en\/wp-json\/wp\/v2\/types\/product"}],"replies":[{"embeddable":true,"href":"https:\/\/www.nordi.ee\/en\/wp-json\/wp\/v2\/comments?post=25050"}],"wp:featuredmedia":[{"embeddable":true,"href":"https:\/\/www.nordi.ee\/en\/wp-json\/wp\/v2\/media\/12013"}],"wp:attachment":[{"href":"https:\/\/www.nordi.ee\/en\/wp-json\/wp\/v2\/media?parent=25050"}],"wp:term":[{"taxonomy":"product_brand","embeddable":true,"href":"https:\/\/www.nordi.ee\/en\/wp-json\/wp\/v2\/product_brand?post=25050"},{"taxonomy":"product_cat","embeddable":true,"href":"https:\/\/www.nordi.ee\/en\/wp-json\/wp\/v2\/product_cat?post=25050"},{"taxonomy":"product_tag","embeddable":true,"href":"https:\/\/www.nordi.ee\/en\/wp-json\/wp\/v2\/product_tag?post=25050"}],"curies":[{"name":"wp","href":"https:\/\/api.w.org\/{rel}","templated":true}]}}