{"id":25027,"date":"2025-11-11T20:08:35","date_gmt":"2025-11-11T18:08:35","guid":{"rendered":"https:\/\/www.nordi.ee\/toode\/kohvilaud-calvica-marmor-hall-kuldne\/"},"modified":"2026-04-13T05:02:55","modified_gmt":"2026-04-13T02:02:55","slug":"kohvilaud-calvica-marmor-hall-kuldne","status":"publish","type":"product","link":"https:\/\/www.nordi.ee\/en\/toode\/kohvilaud-calvica-marmor-hall-kuldne\/","title":{"rendered":"Kohvilaud CALVICA marmor \/ hall \/ kuldne"},"content":{"rendered":"<p>v\u00e4lim\u00f5\u00f5dud: fi 73\/37 cm, materjal: keraamika \/ pulberkattega teras, v\u00e4rv: valge marmor \/ hall \/ kuldne<\/p>\n","protected":false},"excerpt":{"rendered":"<p>v\u00e4lim\u00f5\u00f5dud: fi 73\/37 cm, materjal: keraamika \/ pulberkattega teras, v\u00e4rv: valge marmor \/ hall \/ kuldne<\/p>\n","protected":false},"featured_media":12001,"comment_status":"closed","ping_status":"open","template":"","meta":{"_gspb_post_css":""},"product_brand":[],"product_cat":[178,165],"product_tag":[],"class_list":{"0":"post-25027","1":"product","2":"type-product","3":"status-publish","4":"has-post-thumbnail","6":"product_cat-diivanilauad","7":"product_cat-elutuba","8":"pa_korgus-841","9":"pa_laius-528","10":"pa_laua-varvus-valge-marmor","11":"pa_laua-viimistlus-laikiv","12":"pa_lauaplaadi-kuju-ummargune","13":"pa_lauaplaadi-materjal-keraamika","14":"pa_pakkide-arv-295","15":"pa_raami-materjal-metall","16":"pa_raami-varv-hall","17":"pa_raami-varv-kuldne","18":"pa_stiil-glamuurne","19":"pa_stiil-kaasaegne","20":"pa_sugavus-529","21":"pa_vahelaos-jah","22":"pa_varv-kuldne","23":"pa_varv-marmor","24":"pa_varv-hall","26":"first","27":"instock","28":"sale","29":"purchasable","30":"product-type-simple"},"_links":{"self":[{"href":"https:\/\/www.nordi.ee\/en\/wp-json\/wp\/v2\/product\/25027","targetHints":{"allow":["GET"]}}],"collection":[{"href":"https:\/\/www.nordi.ee\/en\/wp-json\/wp\/v2\/product"}],"about":[{"href":"https:\/\/www.nordi.ee\/en\/wp-json\/wp\/v2\/types\/product"}],"replies":[{"embeddable":true,"href":"https:\/\/www.nordi.ee\/en\/wp-json\/wp\/v2\/comments?post=25027"}],"wp:featuredmedia":[{"embeddable":true,"href":"https:\/\/www.nordi.ee\/en\/wp-json\/wp\/v2\/media\/12001"}],"wp:attachment":[{"href":"https:\/\/www.nordi.ee\/en\/wp-json\/wp\/v2\/media?parent=25027"}],"wp:term":[{"taxonomy":"product_brand","embeddable":true,"href":"https:\/\/www.nordi.ee\/en\/wp-json\/wp\/v2\/product_brand?post=25027"},{"taxonomy":"product_cat","embeddable":true,"href":"https:\/\/www.nordi.ee\/en\/wp-json\/wp\/v2\/product_cat?post=25027"},{"taxonomy":"product_tag","embeddable":true,"href":"https:\/\/www.nordi.ee\/en\/wp-json\/wp\/v2\/product_tag?post=25027"}],"curies":[{"name":"wp","href":"https:\/\/api.w.org\/{rel}","templated":true}]}}