{"id":24977,"date":"2025-11-11T20:07:36","date_gmt":"2025-11-11T18:07:36","guid":{"rendered":"https:\/\/www.nordi.ee\/toode\/castro-puhketool-varv-beez\/"},"modified":"2026-04-13T05:02:51","modified_gmt":"2026-04-13T02:02:51","slug":"kiiktool-calona-beez-2","status":"publish","type":"product","link":"https:\/\/www.nordi.ee\/en\/toode\/kiiktool-calona-beez-2\/","title":{"rendered":"Kiiktool CALONA, bee\u017e"},"content":{"rendered":"<p>m\u00f5\u00f5dud: 77\/106\/92\/44 cm; materjal: kangas \/ pulberkattega teras \/ massiivpuu, v\u00e4rv bee\u017e<\/p>\n","protected":false},"excerpt":{"rendered":"<p>m\u00f5\u00f5dud: 77\/106\/92\/44 cm; materjal: kangas \/ pulberkattega teras \/ massiivpuu, v\u00e4rv bee\u017e<\/p>\n","protected":false},"featured_media":11973,"comment_status":"closed","ping_status":"closed","template":"","meta":{"_gspb_post_css":""},"product_brand":[],"product_cat":[215,188],"product_tag":[],"class_list":{"0":"post-24977","1":"product","2":"type-product","3":"status-publish","4":"has-post-thumbnail","6":"product_cat-pehme-moobel","7":"product_cat-tugitoolid","8":"pa_istmekorgus-456","9":"pa_jalgade-raami-materjal-metall","10":"pa_jalgade-raami-varv-must","11":"pa_kanga-tuup-kangas","12":"pa_kanga-varv-beez","13":"pa_korgus-758","14":"pa_laius-619","15":"pa_lisafunktsioonid-kiiktool","16":"pa_pakkide-arv-226","17":"pa_stiil-kaasaegne","18":"pa_sugavus-958","19":"pa_vahelaos-jah","20":"pa_varv-puiduimmitatsioon","22":"first","23":"instock","24":"sale","25":"purchasable","26":"product-type-simple"},"_links":{"self":[{"href":"https:\/\/www.nordi.ee\/en\/wp-json\/wp\/v2\/product\/24977","targetHints":{"allow":["GET"]}}],"collection":[{"href":"https:\/\/www.nordi.ee\/en\/wp-json\/wp\/v2\/product"}],"about":[{"href":"https:\/\/www.nordi.ee\/en\/wp-json\/wp\/v2\/types\/product"}],"replies":[{"embeddable":true,"href":"https:\/\/www.nordi.ee\/en\/wp-json\/wp\/v2\/comments?post=24977"}],"wp:featuredmedia":[{"embeddable":true,"href":"https:\/\/www.nordi.ee\/en\/wp-json\/wp\/v2\/media\/11973"}],"wp:attachment":[{"href":"https:\/\/www.nordi.ee\/en\/wp-json\/wp\/v2\/media?parent=24977"}],"wp:term":[{"taxonomy":"product_brand","embeddable":true,"href":"https:\/\/www.nordi.ee\/en\/wp-json\/wp\/v2\/product_brand?post=24977"},{"taxonomy":"product_cat","embeddable":true,"href":"https:\/\/www.nordi.ee\/en\/wp-json\/wp\/v2\/product_cat?post=24977"},{"taxonomy":"product_tag","embeddable":true,"href":"https:\/\/www.nordi.ee\/en\/wp-json\/wp\/v2\/product_tag?post=24977"}],"curies":[{"name":"wp","href":"https:\/\/api.w.org\/{rel}","templated":true}]}}