{"id":24955,"date":"2025-11-11T20:07:27","date_gmt":"2025-11-11T18:07:27","guid":{"rendered":"https:\/\/www.nordi.ee\/toode\/ookapp-calessa-pahklipuit\/"},"modified":"2026-04-12T05:02:46","modified_gmt":"2026-04-12T02:02:46","slug":"ookapp-calessa-pahklipuit","status":"publish","type":"product","link":"https:\/\/www.nordi.ee\/en\/toode\/ookapp-calessa-pahklipuit\/","title":{"rendered":"\u00d6\u00f6kapp CALESSA, p\u00e4hklipuit"},"content":{"rendered":"<p>m\u00f5\u00f5dud: 45\/40\/53 cm, materjal: MDF + looduslik furnier \/ massiivne kummipuu, v\u00e4rv: p\u00e4hkel<\/p>\n","protected":false},"excerpt":{"rendered":"<p>m\u00f5\u00f5dud: 45\/40\/53 cm, materjal: MDF + looduslik furnier \/ massiivne kummipuu, v\u00e4rv: p\u00e4hkel<\/p>\n","protected":false},"featured_media":11957,"comment_status":"closed","ping_status":"open","template":"","meta":{"_gspb_post_css":""},"product_brand":[],"product_cat":[166,199],"product_tag":[],"class_list":{"0":"post-24955","1":"product","2":"type-product","3":"status-publish","4":"has-post-thumbnail","6":"product_cat-magamistuba","7":"product_cat-ookapid","8":"pa_korgus-951","9":"pa_laius-572","10":"pa_pakkide-arv-226","11":"pa_sobiv-madratsi-suurus-brak-opcji","12":"pa_stiil-skandinaavia","13":"pa_stiil-boho","14":"pa_sugavus-221","15":"pa_vahelaos-jah","16":"pa_varv-pahkel","18":"first","19":"instock","20":"sale","21":"purchasable","22":"product-type-simple"},"_links":{"self":[{"href":"https:\/\/www.nordi.ee\/en\/wp-json\/wp\/v2\/product\/24955","targetHints":{"allow":["GET"]}}],"collection":[{"href":"https:\/\/www.nordi.ee\/en\/wp-json\/wp\/v2\/product"}],"about":[{"href":"https:\/\/www.nordi.ee\/en\/wp-json\/wp\/v2\/types\/product"}],"replies":[{"embeddable":true,"href":"https:\/\/www.nordi.ee\/en\/wp-json\/wp\/v2\/comments?post=24955"}],"wp:featuredmedia":[{"embeddable":true,"href":"https:\/\/www.nordi.ee\/en\/wp-json\/wp\/v2\/media\/11957"}],"wp:attachment":[{"href":"https:\/\/www.nordi.ee\/en\/wp-json\/wp\/v2\/media?parent=24955"}],"wp:term":[{"taxonomy":"product_brand","embeddable":true,"href":"https:\/\/www.nordi.ee\/en\/wp-json\/wp\/v2\/product_brand?post=24955"},{"taxonomy":"product_cat","embeddable":true,"href":"https:\/\/www.nordi.ee\/en\/wp-json\/wp\/v2\/product_cat?post=24955"},{"taxonomy":"product_tag","embeddable":true,"href":"https:\/\/www.nordi.ee\/en\/wp-json\/wp\/v2\/product_tag?post=24955"}],"curies":[{"name":"wp","href":"https:\/\/api.w.org\/{rel}","templated":true}]}}