{"id":24924,"date":"2025-11-11T20:07:15","date_gmt":"2025-11-11T18:07:15","guid":{"rendered":"https:\/\/www.nordi.ee\/toode\/soogilaud-calario-valgest-marmorist\/"},"modified":"2026-04-13T05:02:42","modified_gmt":"2026-04-13T02:02:42","slug":"soogilaud-calario-valgest-marmorist","status":"publish","type":"product","link":"https:\/\/www.nordi.ee\/en\/toode\/soogilaud-calario-valgest-marmorist\/","title":{"rendered":"S\u00f6\u00f6gilaud CALARIO valgest marmorist"},"content":{"rendered":"<p>m\u00f5\u00f5tmed: fi90\/75 cm, materjal: cl, v\u00e4rv: pealis &#8211; valge marmor, jalad &#8211; kuldne<\/p>\n","protected":false},"excerpt":{"rendered":"<p>m\u00f5\u00f5tmed: fi90\/75 cm, materjal: cl, v\u00e4rv: pealis &#8211; valge marmor, jalad &#8211; kuldne<\/p>\n","protected":false},"featured_media":11933,"comment_status":"closed","ping_status":"open","template":"","meta":{"_gspb_post_css":""},"product_brand":[],"product_cat":[190,167],"product_tag":[],"class_list":{"0":"post-24924","1":"product","2":"type-product","3":"status-publish","4":"has-post-thumbnail","6":"product_cat-soogilauad","7":"product_cat-soogituba","8":"pa_jalgade-arv-494","9":"pa_korgus-287","10":"pa_laius-349","11":"pa_laua-suurus-3-person","12":"pa_laua-varvus-valge","13":"pa_laua-viimistlus-matt","14":"pa_lauaplaadi-kuju-ummargune","15":"pa_lauaplaadi-materjal-klaas","16":"pa_pakkide-arv-295","17":"pa_pikendatav-ei","18":"pa_raami-materjal-metall","19":"pa_stiil-glamuur","20":"pa_stiil-moodne","21":"pa_sugavus-351","22":"pa_vahelaos-jah","23":"pa_varv-kuldne","24":"pa_varv-valge","26":"first","27":"instock","28":"sale","29":"purchasable","30":"product-type-simple"},"_links":{"self":[{"href":"https:\/\/www.nordi.ee\/en\/wp-json\/wp\/v2\/product\/24924","targetHints":{"allow":["GET"]}}],"collection":[{"href":"https:\/\/www.nordi.ee\/en\/wp-json\/wp\/v2\/product"}],"about":[{"href":"https:\/\/www.nordi.ee\/en\/wp-json\/wp\/v2\/types\/product"}],"replies":[{"embeddable":true,"href":"https:\/\/www.nordi.ee\/en\/wp-json\/wp\/v2\/comments?post=24924"}],"wp:featuredmedia":[{"embeddable":true,"href":"https:\/\/www.nordi.ee\/en\/wp-json\/wp\/v2\/media\/11933"}],"wp:attachment":[{"href":"https:\/\/www.nordi.ee\/en\/wp-json\/wp\/v2\/media?parent=24924"}],"wp:term":[{"taxonomy":"product_brand","embeddable":true,"href":"https:\/\/www.nordi.ee\/en\/wp-json\/wp\/v2\/product_brand?post=24924"},{"taxonomy":"product_cat","embeddable":true,"href":"https:\/\/www.nordi.ee\/en\/wp-json\/wp\/v2\/product_cat?post=24924"},{"taxonomy":"product_tag","embeddable":true,"href":"https:\/\/www.nordi.ee\/en\/wp-json\/wp\/v2\/product_tag?post=24924"}],"curies":[{"name":"wp","href":"https:\/\/api.w.org\/{rel}","templated":true}]}}