{"id":24883,"date":"2025-11-11T20:06:58","date_gmt":"2025-11-11T18:06:58","guid":{"rendered":"https:\/\/www.nordi.ee\/toode\/carlos-tooli-varv-helepruun\/"},"modified":"2026-04-13T05:02:38","modified_gmt":"2026-04-13T02:02:38","slug":"carlos-tool-varv-helepruun","status":"publish","type":"product","link":"https:\/\/www.nordi.ee\/en\/toode\/carlos-tool-varv-helepruun\/","title":{"rendered":"Kontoritool CARLOS, helepruun"},"content":{"rendered":"<p>multiblock mehhanism, kummist kaetud rattad, m\u00f5\u00f5tmed: 66\/70\/106\u00f7114 cm, materjal: perforeeritud \u00f6kotehniline nahk, v\u00e4rv: helepruun<\/p>\n","protected":false},"excerpt":{"rendered":"<p>multiblock mehhanism, kummist kaetud rattad, m\u00f5\u00f5tmed: 66\/70\/106\u00f7114 cm, materjal: perforeeritud \u00f6kotehniline nahk, v\u00e4rv: helepruun<\/p>\n","protected":false},"featured_media":11914,"comment_status":"closed","ping_status":"closed","template":"","meta":{"_gspb_post_css":""},"product_brand":[],"product_cat":[216,4063],"product_tag":[],"class_list":{"0":"post-24883","1":"product","2":"type-product","3":"status-publish","4":"has-post-thumbnail","6":"product_cat-kontor","7":"product_cat-kontoritoolid","8":"pa_istmekorgus-43-51","9":"pa_kaetugi-fikseeritud-kaetugi","10":"pa_kandevoime-100-kg","11":"pa_kanga-varv-pruun","12":"pa_korgus-532","13":"pa_laius-471","14":"pa_mehhanism-multiblock","15":"pa_pakkide-arv-226","16":"pa_peatugi-ilma-peatugedeta","17":"pa_ratta-tuup-kumm","18":"pa_stiil-klassikaline","19":"pa_sugavus-268","20":"pa_tooli-materjal-perforeeritud-kunstnahk","21":"pa_tuba-kapp","22":"pa_vahelaos-jah","23":"pa_varv-pruun","25":"first","26":"instock","27":"sale","28":"purchasable","29":"product-type-simple"},"_links":{"self":[{"href":"https:\/\/www.nordi.ee\/en\/wp-json\/wp\/v2\/product\/24883","targetHints":{"allow":["GET"]}}],"collection":[{"href":"https:\/\/www.nordi.ee\/en\/wp-json\/wp\/v2\/product"}],"about":[{"href":"https:\/\/www.nordi.ee\/en\/wp-json\/wp\/v2\/types\/product"}],"replies":[{"embeddable":true,"href":"https:\/\/www.nordi.ee\/en\/wp-json\/wp\/v2\/comments?post=24883"}],"wp:featuredmedia":[{"embeddable":true,"href":"https:\/\/www.nordi.ee\/en\/wp-json\/wp\/v2\/media\/11914"}],"wp:attachment":[{"href":"https:\/\/www.nordi.ee\/en\/wp-json\/wp\/v2\/media?parent=24883"}],"wp:term":[{"taxonomy":"product_brand","embeddable":true,"href":"https:\/\/www.nordi.ee\/en\/wp-json\/wp\/v2\/product_brand?post=24883"},{"taxonomy":"product_cat","embeddable":true,"href":"https:\/\/www.nordi.ee\/en\/wp-json\/wp\/v2\/product_cat?post=24883"},{"taxonomy":"product_tag","embeddable":true,"href":"https:\/\/www.nordi.ee\/en\/wp-json\/wp\/v2\/product_tag?post=24883"}],"curies":[{"name":"wp","href":"https:\/\/api.w.org\/{rel}","templated":true}]}}