{"id":24853,"date":"2025-11-11T20:06:41","date_gmt":"2025-11-11T18:06:41","guid":{"rendered":"https:\/\/www.nordi.ee\/toode\/carlito-kokkuklapitav-diivan-varv-beez-2\/"},"modified":"2026-04-13T05:02:37","modified_gmt":"2026-04-13T02:02:37","slug":"diivanvoodi-carli-beez","status":"publish","type":"product","link":"https:\/\/www.nordi.ee\/en\/toode\/diivanvoodi-carli-beez\/","title":{"rendered":"Diivanvoodi CARLI, bee\u017e"},"content":{"rendered":"<p>m\u00f5\u00f5tmed: 175\/83-97\/80-40 cm, kokkuklapitav diivan, materjal: kangas \/ kroomitud teras, v\u00e4rv: bee\u017e<\/p>\n","protected":false},"excerpt":{"rendered":"<p>m\u00f5\u00f5tmed: 175\/83-97\/80-40 cm, kokkuklapitav diivan, materjal: kangas \/ kroomitud teras, v\u00e4rv: bee\u017e<\/p>\n","protected":false},"featured_media":11902,"comment_status":"closed","ping_status":"closed","template":"","meta":{"_gspb_post_css":""},"product_brand":[],"product_cat":[202,215],"product_tag":[],"class_list":{"0":"post-24853","1":"product","2":"type-product","3":"status-publish","4":"has-post-thumbnail","6":"product_cat-diivanid","7":"product_cat-pehme-moobel","8":"pa_istmekorgus-616","9":"pa_jalgade-raami-materjal-metall","10":"pa_jalgade-raami-varv-kroomitud","11":"pa_kanga-tuup-kangas","12":"pa_kanga-varv-beez","13":"pa_korgus-910","14":"pa_laius-909","15":"pa_lisafunktsioonid-lahtikaiv-diivan","16":"pa_pakkide-arv-226","17":"pa_stiil-traditsiooniline","18":"pa_sugavus-770","19":"pa_vahelaos-ei","20":"pa_varv-beez","22":"first","23":"instock","24":"sale","25":"purchasable","26":"product-type-simple"},"_links":{"self":[{"href":"https:\/\/www.nordi.ee\/en\/wp-json\/wp\/v2\/product\/24853","targetHints":{"allow":["GET"]}}],"collection":[{"href":"https:\/\/www.nordi.ee\/en\/wp-json\/wp\/v2\/product"}],"about":[{"href":"https:\/\/www.nordi.ee\/en\/wp-json\/wp\/v2\/types\/product"}],"replies":[{"embeddable":true,"href":"https:\/\/www.nordi.ee\/en\/wp-json\/wp\/v2\/comments?post=24853"}],"wp:featuredmedia":[{"embeddable":true,"href":"https:\/\/www.nordi.ee\/en\/wp-json\/wp\/v2\/media\/11902"}],"wp:attachment":[{"href":"https:\/\/www.nordi.ee\/en\/wp-json\/wp\/v2\/media?parent=24853"}],"wp:term":[{"taxonomy":"product_brand","embeddable":true,"href":"https:\/\/www.nordi.ee\/en\/wp-json\/wp\/v2\/product_brand?post=24853"},{"taxonomy":"product_cat","embeddable":true,"href":"https:\/\/www.nordi.ee\/en\/wp-json\/wp\/v2\/product_cat?post=24853"},{"taxonomy":"product_tag","embeddable":true,"href":"https:\/\/www.nordi.ee\/en\/wp-json\/wp\/v2\/product_tag?post=24853"}],"curies":[{"name":"wp","href":"https:\/\/api.w.org\/{rel}","templated":true}]}}