{"id":24849,"date":"2025-11-11T20:06:41","date_gmt":"2025-11-11T18:06:41","guid":{"rendered":"https:\/\/www.nordi.ee\/toode\/belvia-laud-must-hobe\/"},"modified":"2026-04-13T05:02:36","modified_gmt":"2026-04-13T02:02:36","slug":"belvia-laud-must-hobe","status":"publish","type":"product","link":"https:\/\/www.nordi.ee\/en\/toode\/belvia-laud-must-hobe\/","title":{"rendered":"Kohvilaud BELVIA, must \/ h\u00f5be"},"content":{"rendered":"<p>m\u00f5\u00f5dud: fi40\/46 cm, materjal: klaas \/ roostevaba teras, v\u00e4rv: must \/ h\u00f5bedane<\/p>\n","protected":false},"excerpt":{"rendered":"<p>m\u00f5\u00f5dud: fi40\/46 cm, materjal: klaas \/ roostevaba teras, v\u00e4rv: must \/ h\u00f5bedane<\/p>\n","protected":false},"featured_media":11898,"comment_status":"closed","ping_status":"closed","template":"","meta":{"_gspb_post_css":""},"product_brand":[],"product_cat":[178,165],"product_tag":[],"class_list":{"0":"post-24849","1":"product","2":"type-product","3":"status-publish","4":"has-post-thumbnail","6":"product_cat-diivanilauad","7":"product_cat-elutuba","8":"pa_korgus-350","9":"pa_laius-572","10":"pa_laua-varvus-must","11":"pa_laua-viimistlus-laikiv","12":"pa_lauaplaadi-kuju-ummargune","13":"pa_lauaplaadi-materjal-klaas","14":"pa_pakkide-arv-226","15":"pa_raami-materjal-roostevaba-teras","16":"pa_raami-varv-hobedane","17":"pa_stiil-kaasaegne","18":"pa_sugavus-646","19":"pa_vahelaos-jah","20":"pa_varv-hobedane","21":"pa_varv-must","23":"first","24":"instock","25":"sale","26":"purchasable","27":"product-type-simple"},"_links":{"self":[{"href":"https:\/\/www.nordi.ee\/en\/wp-json\/wp\/v2\/product\/24849","targetHints":{"allow":["GET"]}}],"collection":[{"href":"https:\/\/www.nordi.ee\/en\/wp-json\/wp\/v2\/product"}],"about":[{"href":"https:\/\/www.nordi.ee\/en\/wp-json\/wp\/v2\/types\/product"}],"replies":[{"embeddable":true,"href":"https:\/\/www.nordi.ee\/en\/wp-json\/wp\/v2\/comments?post=24849"}],"wp:featuredmedia":[{"embeddable":true,"href":"https:\/\/www.nordi.ee\/en\/wp-json\/wp\/v2\/media\/11898"}],"wp:attachment":[{"href":"https:\/\/www.nordi.ee\/en\/wp-json\/wp\/v2\/media?parent=24849"}],"wp:term":[{"taxonomy":"product_brand","embeddable":true,"href":"https:\/\/www.nordi.ee\/en\/wp-json\/wp\/v2\/product_brand?post=24849"},{"taxonomy":"product_cat","embeddable":true,"href":"https:\/\/www.nordi.ee\/en\/wp-json\/wp\/v2\/product_cat?post=24849"},{"taxonomy":"product_tag","embeddable":true,"href":"https:\/\/www.nordi.ee\/en\/wp-json\/wp\/v2\/product_tag?post=24849"}],"curies":[{"name":"wp","href":"https:\/\/api.w.org\/{rel}","templated":true}]}}