{"id":24800,"date":"2025-11-11T20:06:23","date_gmt":"2025-11-11T18:06:23","guid":{"rendered":"https:\/\/www.nordi.ee\/toode\/kohvilaud-beloro\/"},"modified":"2026-04-13T05:02:33","modified_gmt":"2026-04-13T02:02:33","slug":"kohvilaud-beloro","status":"publish","type":"product","link":"https:\/\/www.nordi.ee\/en\/toode\/kohvilaud-beloro\/","title":{"rendered":"S\u00f6\u00f6gilaud BELORO"},"content":{"rendered":"<p>pikkendatav laud, m\u00f5\u00f5tmed: 180-240\/90\/76 cm, materjal: laminaat MDF \/ pulberkattega teras, v\u00e4rv: kuldne tamm \/ must. P\u00e4rast vedelike valamist laua pinnale p\u00fchi see kohe kuivaks, et v\u00e4ltida laua pinnamaterjali veetuksumist.<\/p>\n","protected":false},"excerpt":{"rendered":"<p>pikkendatav laud, m\u00f5\u00f5tmed: 180-240\/90\/76 cm, materjal: laminaat MDF \/ pulberkattega teras, v\u00e4rv: kuldne tamm \/ must. P\u00e4rast vedelike valamist laua pinnale p\u00fchi see kohe kuivaks, et v\u00e4ltida laua pinnamaterjali veetuksumist.<\/p>\n","protected":false},"featured_media":11875,"comment_status":"closed","ping_status":"closed","template":"","meta":{"_gspb_post_css":""},"product_brand":[],"product_cat":[190,167],"product_tag":[],"class_list":{"0":"post-24800","1":"product","2":"type-product","3":"status-publish","4":"has-post-thumbnail","6":"product_cat-soogilauad","7":"product_cat-soogituba","8":"pa_jalgade-arv-289","9":"pa_korgus-406","10":"pa_laius-349","11":"pa_laua-suurus-10-person-8-person","12":"pa_laua-varvus-tamm","13":"pa_laua-viimistlus-matt","14":"pa_lauaplaadi-kuju-ristkulikukujuline","15":"pa_lauaplaadi-materjal-lamiiniga-kaetud-mdf","16":"pa_maximum-pikkus-4209","17":"pa_pakkide-arv-295","18":"pa_pikendatav-jah","19":"pa_raami-materjal-metall","20":"pa_stiil-loft","21":"pa_sugavus-4101","22":"pa_vahelaos-jah","23":"pa_varv-tamm","25":"first","26":"instock","27":"sale","28":"purchasable","29":"product-type-simple"},"_links":{"self":[{"href":"https:\/\/www.nordi.ee\/en\/wp-json\/wp\/v2\/product\/24800","targetHints":{"allow":["GET"]}}],"collection":[{"href":"https:\/\/www.nordi.ee\/en\/wp-json\/wp\/v2\/product"}],"about":[{"href":"https:\/\/www.nordi.ee\/en\/wp-json\/wp\/v2\/types\/product"}],"replies":[{"embeddable":true,"href":"https:\/\/www.nordi.ee\/en\/wp-json\/wp\/v2\/comments?post=24800"}],"wp:featuredmedia":[{"embeddable":true,"href":"https:\/\/www.nordi.ee\/en\/wp-json\/wp\/v2\/media\/11875"}],"wp:attachment":[{"href":"https:\/\/www.nordi.ee\/en\/wp-json\/wp\/v2\/media?parent=24800"}],"wp:term":[{"taxonomy":"product_brand","embeddable":true,"href":"https:\/\/www.nordi.ee\/en\/wp-json\/wp\/v2\/product_brand?post=24800"},{"taxonomy":"product_cat","embeddable":true,"href":"https:\/\/www.nordi.ee\/en\/wp-json\/wp\/v2\/product_cat?post=24800"},{"taxonomy":"product_tag","embeddable":true,"href":"https:\/\/www.nordi.ee\/en\/wp-json\/wp\/v2\/product_tag?post=24800"}],"curies":[{"name":"wp","href":"https:\/\/api.w.org\/{rel}","templated":true}]}}