{"id":24790,"date":"2025-11-11T20:06:07","date_gmt":"2025-11-11T18:06:07","guid":{"rendered":"https:\/\/www.nordi.ee\/toode\/soogilaud-belona-180-240-cm-tamm-must\/"},"modified":"2026-04-13T05:02:32","modified_gmt":"2026-04-13T02:02:32","slug":"soogilaud-belona-tamm-must","status":"publish","type":"product","link":"https:\/\/www.nordi.ee\/en\/toode\/soogilaud-belona-tamm-must\/","title":{"rendered":"S\u00f6\u00f6gilaud BELONA, tamm \/ must"},"content":{"rendered":"<p>laienduslaud, m\u00f5\u00f5tmed: 160-200\/90\/76 cm, materjal: laminaat MDF \/ pulberv\u00e4rvitud teras, v\u00e4rv: kuldne tamm \/ must<br \/>\nP\u00e4rast vedelike pihustamist laua pinnale p\u00fchkige see kohe kuiva lapiga, et v\u00e4ltida laua pinnamaterjali veesidumist.<\/p>\n","protected":false},"excerpt":{"rendered":"<p>laienduslaud, m\u00f5\u00f5tmed: 160-200\/90\/76 cm, materjal: laminaat MDF \/ pulberv\u00e4rvitud teras, v\u00e4rv: kuldne tamm \/ must P\u00e4rast vedelike pihustamist laua pinnale p\u00fchkige see kohe kuiva lapiga, et v\u00e4ltida laua pinnamaterjali veesidumist.<\/p>\n","protected":false},"featured_media":11871,"comment_status":"closed","ping_status":"closed","template":"","meta":{"_gspb_post_css":""},"product_brand":[],"product_cat":[190,167],"product_tag":[],"class_list":{"0":"post-24790","1":"product","2":"type-product","3":"status-publish","4":"has-post-thumbnail","6":"product_cat-soogilauad","7":"product_cat-soogituba","8":"pa_jalgade-arv-289","9":"pa_korgus-406","10":"pa_laius-349","11":"pa_laua-suurus-6-person-8-person","12":"pa_laua-varvus-tamm","13":"pa_laua-viimistlus-matt","14":"pa_lauaplaadi-kuju-ristkulikukujuline","15":"pa_lauaplaadi-materjal-lamiiniga-kaetud-mdf","16":"pa_maximum-pikkus-4207","17":"pa_pakkide-arv-295","18":"pa_pikendatav-jah","19":"pa_raami-materjal-metall","20":"pa_stiil-moodne","21":"pa_stiil-loft","22":"pa_sugavus-4084","23":"pa_vahelaos-jah","24":"pa_varv-tamm","25":"pa_varv-must","27":"first","28":"instock","29":"sale","30":"purchasable","31":"product-type-simple"},"_links":{"self":[{"href":"https:\/\/www.nordi.ee\/en\/wp-json\/wp\/v2\/product\/24790","targetHints":{"allow":["GET"]}}],"collection":[{"href":"https:\/\/www.nordi.ee\/en\/wp-json\/wp\/v2\/product"}],"about":[{"href":"https:\/\/www.nordi.ee\/en\/wp-json\/wp\/v2\/types\/product"}],"replies":[{"embeddable":true,"href":"https:\/\/www.nordi.ee\/en\/wp-json\/wp\/v2\/comments?post=24790"}],"wp:featuredmedia":[{"embeddable":true,"href":"https:\/\/www.nordi.ee\/en\/wp-json\/wp\/v2\/media\/11871"}],"wp:attachment":[{"href":"https:\/\/www.nordi.ee\/en\/wp-json\/wp\/v2\/media?parent=24790"}],"wp:term":[{"taxonomy":"product_brand","embeddable":true,"href":"https:\/\/www.nordi.ee\/en\/wp-json\/wp\/v2\/product_brand?post=24790"},{"taxonomy":"product_cat","embeddable":true,"href":"https:\/\/www.nordi.ee\/en\/wp-json\/wp\/v2\/product_cat?post=24790"},{"taxonomy":"product_tag","embeddable":true,"href":"https:\/\/www.nordi.ee\/en\/wp-json\/wp\/v2\/product_tag?post=24790"}],"curies":[{"name":"wp","href":"https:\/\/api.w.org\/{rel}","templated":true}]}}