{"id":24785,"date":"2025-11-11T20:06:07","date_gmt":"2025-11-11T18:06:07","guid":{"rendered":"https:\/\/www.nordi.ee\/toode\/soogilaud-belona-pikendatav\/"},"modified":"2026-04-13T05:02:30","modified_gmt":"2026-04-13T02:02:30","slug":"soogilaud-belona-pikendatav","status":"publish","type":"product","link":"https:\/\/www.nordi.ee\/en\/toode\/soogilaud-belona-pikendatav\/","title":{"rendered":"S\u00f6\u00f6gilaud BELONA, pikendatav"},"content":{"rendered":"<p>m\u00f5\u00f5tmed: fi38\/43 ja fi31\/36 cm, 2-osaline komplekt hoiustamisfunktsiooniga, materjal: kangas &#8211; boucl\u00e9 \/ k\u00f5verdatud vineer + naturaalne spoon, v\u00e4rv: kreem \/ naturaalne<\/p>\n","protected":false},"excerpt":{"rendered":"<p>m\u00f5\u00f5tmed: fi38\/43 ja fi31\/36 cm, 2-osaline komplekt hoiustamisfunktsiooniga, materjal: kangas &#8211; boucl\u00e9 \/ k\u00f5verdatud vineer + naturaalne spoon, v\u00e4rv: kreem \/ naturaalne<\/p>\n","protected":false},"featured_media":11867,"comment_status":"closed","ping_status":"open","template":"","meta":{"_gspb_post_css":""},"product_brand":[],"product_cat":[4064],"product_tag":[],"class_list":{"0":"post-24785","1":"product","2":"type-product","3":"status-publish","4":"has-post-thumbnail","6":"product_cat-tumbad","7":"pa_istmekorgus-859","8":"pa_jalgade-raami-materjal-liimpuitvineer","9":"pa_jalgade-raami-varv-puiduimmitatsioon","10":"pa_kanga-tuup-boucle-kangas","11":"pa_kanga-varv-kreemjas","12":"pa_korgus-824","13":"pa_laius-623","14":"pa_lisafunktsioonid-pesukast","15":"pa_pakkide-arv-226","16":"pa_stiil-skandinaavia","17":"pa_stiil-boho","18":"pa_sugavus-624","19":"pa_tooli-materjal-boucle-kangas","20":"pa_vahelaos-jah","21":"pa_varv-kreemjas","23":"first","24":"instock","25":"sale","26":"purchasable","27":"product-type-simple"},"_links":{"self":[{"href":"https:\/\/www.nordi.ee\/en\/wp-json\/wp\/v2\/product\/24785","targetHints":{"allow":["GET"]}}],"collection":[{"href":"https:\/\/www.nordi.ee\/en\/wp-json\/wp\/v2\/product"}],"about":[{"href":"https:\/\/www.nordi.ee\/en\/wp-json\/wp\/v2\/types\/product"}],"replies":[{"embeddable":true,"href":"https:\/\/www.nordi.ee\/en\/wp-json\/wp\/v2\/comments?post=24785"}],"wp:featuredmedia":[{"embeddable":true,"href":"https:\/\/www.nordi.ee\/en\/wp-json\/wp\/v2\/media\/11867"}],"wp:attachment":[{"href":"https:\/\/www.nordi.ee\/en\/wp-json\/wp\/v2\/media?parent=24785"}],"wp:term":[{"taxonomy":"product_brand","embeddable":true,"href":"https:\/\/www.nordi.ee\/en\/wp-json\/wp\/v2\/product_brand?post=24785"},{"taxonomy":"product_cat","embeddable":true,"href":"https:\/\/www.nordi.ee\/en\/wp-json\/wp\/v2\/product_cat?post=24785"},{"taxonomy":"product_tag","embeddable":true,"href":"https:\/\/www.nordi.ee\/en\/wp-json\/wp\/v2\/product_tag?post=24785"}],"curies":[{"name":"wp","href":"https:\/\/api.w.org\/{rel}","templated":true}]}}