{"id":24780,"date":"2025-11-11T20:06:07","date_gmt":"2025-11-11T18:06:07","guid":{"rendered":"https:\/\/www.nordi.ee\/toode\/kohvilaud-belmere\/"},"modified":"2026-04-15T05:01:34","modified_gmt":"2026-04-15T02:01:34","slug":"kohvilaud-belmere","status":"publish","type":"product","link":"https:\/\/www.nordi.ee\/en\/toode\/kohvilaud-belmere\/","title":{"rendered":"Kohvilaud BELMERE"},"content":{"rendered":"<p>m\u00f5\u00f5tmed: \u00d8 80\/41 cm, materjal: laminaat MDF \/ pulberkattega teras<br \/>\nv\u00e4rv: kuldne tamm \/ must<\/p>\n","protected":false},"excerpt":{"rendered":"<p>m\u00f5\u00f5tmed: \u00d8 80\/41 cm, materjal: laminaat MDF \/ pulberkattega teras v\u00e4rv: kuldne tamm \/ must<\/p>\n","protected":false},"featured_media":11861,"comment_status":"closed","ping_status":"open","template":"","meta":{"_gspb_post_css":""},"product_brand":[],"product_cat":[178,165],"product_tag":[],"class_list":{"0":"post-24780","1":"product","2":"type-product","3":"status-publish","4":"has-post-thumbnail","6":"product_cat-diivanilauad","7":"product_cat-elutuba","8":"pa_korgus-538","9":"pa_laius-353","10":"pa_laua-varvus-tamm","11":"pa_laua-viimistlus-matt","12":"pa_lauaplaadi-kuju-ummargune","13":"pa_lauaplaadi-materjal-lamiiniga-kaetud-mdf","14":"pa_lisafunktsioonid-alumised-riiulid","15":"pa_materjal-pulberkattega-teras","16":"pa_pakkide-arv-226","17":"pa_raami-materjal-metall","18":"pa_raami-varv-must","19":"pa_stiil-loft","20":"pa_sugavus-475","21":"pa_vahelaos-jah","22":"pa_varv-must","24":"first","25":"instock","26":"sale","27":"purchasable","28":"product-type-simple"},"_links":{"self":[{"href":"https:\/\/www.nordi.ee\/en\/wp-json\/wp\/v2\/product\/24780","targetHints":{"allow":["GET"]}}],"collection":[{"href":"https:\/\/www.nordi.ee\/en\/wp-json\/wp\/v2\/product"}],"about":[{"href":"https:\/\/www.nordi.ee\/en\/wp-json\/wp\/v2\/types\/product"}],"replies":[{"embeddable":true,"href":"https:\/\/www.nordi.ee\/en\/wp-json\/wp\/v2\/comments?post=24780"}],"wp:featuredmedia":[{"embeddable":true,"href":"https:\/\/www.nordi.ee\/en\/wp-json\/wp\/v2\/media\/11861"}],"wp:attachment":[{"href":"https:\/\/www.nordi.ee\/en\/wp-json\/wp\/v2\/media?parent=24780"}],"wp:term":[{"taxonomy":"product_brand","embeddable":true,"href":"https:\/\/www.nordi.ee\/en\/wp-json\/wp\/v2\/product_brand?post=24780"},{"taxonomy":"product_cat","embeddable":true,"href":"https:\/\/www.nordi.ee\/en\/wp-json\/wp\/v2\/product_cat?post=24780"},{"taxonomy":"product_tag","embeddable":true,"href":"https:\/\/www.nordi.ee\/en\/wp-json\/wp\/v2\/product_tag?post=24780"}],"curies":[{"name":"wp","href":"https:\/\/api.w.org\/{rel}","templated":true}]}}