{"id":24755,"date":"2025-11-11T20:05:53","date_gmt":"2025-11-11T18:05:53","guid":{"rendered":"https:\/\/www.nordi.ee\/toode\/soogilaud-belessa-ummargune-piparmunt\/"},"modified":"2026-04-13T05:02:27","modified_gmt":"2026-04-13T02:02:27","slug":"soogilaud-belessa-ummargune-piparmunt","status":"publish","type":"product","link":"https:\/\/www.nordi.ee\/en\/toode\/soogilaud-belessa-ummargune-piparmunt\/","title":{"rendered":"S\u00f6\u00f6gilaud BELESSA, \u00fcmmargune \/ piparm\u00fcnt"},"content":{"rendered":"<p>m\u00f5\u00f5tmed: fi60\/72 cm, materjal: pol\u00fcprop\u00fcleen, v\u00e4rv: khaki<\/p>\n","protected":false},"excerpt":{"rendered":"<p>m\u00f5\u00f5tmed: fi60\/72 cm, materjal: pol\u00fcprop\u00fcleen, v\u00e4rv: khaki<\/p>\n","protected":false},"featured_media":11845,"comment_status":"closed","ping_status":"closed","template":"","meta":{"_gspb_post_css":""},"product_brand":[],"product_cat":[190,167],"product_tag":[],"class_list":{"0":"post-24755","1":"product","2":"type-product","3":"status-publish","4":"has-post-thumbnail","6":"product_cat-soogilauad","7":"product_cat-soogituba","8":"pa_korgus-492","9":"pa_laius-310","10":"pa_laua-suurus-1-person","11":"pa_pakkide-arv-226","12":"pa_raami-varv-pruun","13":"pa_stiil-moodne","14":"pa_stiil-skandinaavia","15":"pa_sugavus-316","16":"pa_tooli-materjal-polupropuleen","17":"pa_vahelaos-jah","18":"pa_varv-pruun","20":"first","21":"instock","22":"sale","23":"purchasable","24":"product-type-simple"},"_links":{"self":[{"href":"https:\/\/www.nordi.ee\/en\/wp-json\/wp\/v2\/product\/24755","targetHints":{"allow":["GET"]}}],"collection":[{"href":"https:\/\/www.nordi.ee\/en\/wp-json\/wp\/v2\/product"}],"about":[{"href":"https:\/\/www.nordi.ee\/en\/wp-json\/wp\/v2\/types\/product"}],"replies":[{"embeddable":true,"href":"https:\/\/www.nordi.ee\/en\/wp-json\/wp\/v2\/comments?post=24755"}],"wp:featuredmedia":[{"embeddable":true,"href":"https:\/\/www.nordi.ee\/en\/wp-json\/wp\/v2\/media\/11845"}],"wp:attachment":[{"href":"https:\/\/www.nordi.ee\/en\/wp-json\/wp\/v2\/media?parent=24755"}],"wp:term":[{"taxonomy":"product_brand","embeddable":true,"href":"https:\/\/www.nordi.ee\/en\/wp-json\/wp\/v2\/product_brand?post=24755"},{"taxonomy":"product_cat","embeddable":true,"href":"https:\/\/www.nordi.ee\/en\/wp-json\/wp\/v2\/product_cat?post=24755"},{"taxonomy":"product_tag","embeddable":true,"href":"https:\/\/www.nordi.ee\/en\/wp-json\/wp\/v2\/product_tag?post=24755"}],"curies":[{"name":"wp","href":"https:\/\/api.w.org\/{rel}","templated":true}]}}