{"id":24717,"date":"2025-11-11T20:05:29","date_gmt":"2025-11-11T18:05:29","guid":{"rendered":"https:\/\/www.nordi.ee\/toode\/calpi-pinkstorage-funktsiooniga-pink-beez\/"},"modified":"2026-04-13T05:02:25","modified_gmt":"2026-04-13T02:02:25","slug":"calpi-istepink-koos-hoiufunktsiooniga-beez","status":"publish","type":"product","link":"https:\/\/www.nordi.ee\/en\/toode\/calpi-istepink-koos-hoiufunktsiooniga-beez\/","title":{"rendered":"CALPI istepink koos hoiufunktsiooniga, bee\u017e"},"content":{"rendered":"<p>m\u00f5\u00f5tmed: 110\/46\/42 cm, ping ottoman koos hoiufunktsiooniga, materjal: kangas &#8211; samet, v\u00e4rv: bee\u017e<\/p>\n","protected":false},"excerpt":{"rendered":"<p>m\u00f5\u00f5tmed: 110\/46\/42 cm, ping ottoman koos hoiufunktsiooniga, materjal: kangas &#8211; samet, v\u00e4rv: bee\u017e<\/p>\n","protected":false},"featured_media":11824,"comment_status":"closed","ping_status":"open","template":"","meta":{"_gspb_post_css":""},"product_brand":[],"product_cat":[618],"product_tag":[],"class_list":{"0":"post-24717","1":"product","2":"type-product","3":"status-publish","4":"has-post-thumbnail","6":"product_cat-pingid","7":"pa_kanga-tuup-sametkangas","8":"pa_kanga-varv-beez","9":"pa_korgus-422","10":"pa_laius-874","11":"pa_lisafunktsioonid-pesukast","12":"pa_pakkide-arv-226","13":"pa_stiil-glamuur","14":"pa_stiil-moodne","15":"pa_sugavus-1482","16":"pa_vahelaos-ei","17":"pa_varv-beez","19":"first","20":"instock","21":"sale","22":"purchasable","23":"product-type-simple"},"_links":{"self":[{"href":"https:\/\/www.nordi.ee\/en\/wp-json\/wp\/v2\/product\/24717","targetHints":{"allow":["GET"]}}],"collection":[{"href":"https:\/\/www.nordi.ee\/en\/wp-json\/wp\/v2\/product"}],"about":[{"href":"https:\/\/www.nordi.ee\/en\/wp-json\/wp\/v2\/types\/product"}],"replies":[{"embeddable":true,"href":"https:\/\/www.nordi.ee\/en\/wp-json\/wp\/v2\/comments?post=24717"}],"wp:featuredmedia":[{"embeddable":true,"href":"https:\/\/www.nordi.ee\/en\/wp-json\/wp\/v2\/media\/11824"}],"wp:attachment":[{"href":"https:\/\/www.nordi.ee\/en\/wp-json\/wp\/v2\/media?parent=24717"}],"wp:term":[{"taxonomy":"product_brand","embeddable":true,"href":"https:\/\/www.nordi.ee\/en\/wp-json\/wp\/v2\/product_brand?post=24717"},{"taxonomy":"product_cat","embeddable":true,"href":"https:\/\/www.nordi.ee\/en\/wp-json\/wp\/v2\/product_cat?post=24717"},{"taxonomy":"product_tag","embeddable":true,"href":"https:\/\/www.nordi.ee\/en\/wp-json\/wp\/v2\/product_tag?post=24717"}],"curies":[{"name":"wp","href":"https:\/\/api.w.org\/{rel}","templated":true}]}}