{"id":24711,"date":"2025-11-11T20:05:29","date_gmt":"2025-11-11T18:05:29","guid":{"rendered":"https:\/\/www.nordi.ee\/toode\/soogilaud-belavia-pikendatav\/"},"modified":"2026-04-13T05:02:24","modified_gmt":"2026-04-13T02:02:24","slug":"soogilaud-belavia-pikendatav","status":"publish","type":"product","link":"https:\/\/www.nordi.ee\/en\/toode\/soogilaud-belavia-pikendatav\/","title":{"rendered":"S\u00f6\u00f6gilaud BELAVIA, pikendatav"},"content":{"rendered":"<p>m\u00f5\u00f5tmed: 160-200\/90\/76 cm, materjal: lakkeeritud MDF \/ laminaat MDF \/ v\u00e4rvitud teras, v\u00e4rv: valge matt \/ San Remo tamm<\/p>\n","protected":false},"excerpt":{"rendered":"<p>m\u00f5\u00f5tmed: 160-200\/90\/76 cm, materjal: lakkeeritud MDF \/ laminaat MDF \/ v\u00e4rvitud teras, v\u00e4rv: valge matt \/ San Remo tamm<\/p>\n","protected":false},"featured_media":11822,"comment_status":"closed","ping_status":"open","template":"","meta":{"_gspb_post_css":""},"product_brand":[],"product_cat":[190,167],"product_tag":[],"class_list":{"0":"post-24711","1":"product","2":"type-product","3":"status-publish","4":"has-post-thumbnail","6":"product_cat-soogilauad","7":"product_cat-soogituba","8":"pa_jalgade-arv-289","9":"pa_korgus-505","10":"pa_laius-349","11":"pa_laua-suurus-8-person-6-person","12":"pa_laua-varvus-valge","13":"pa_laua-viimistlus-matt","14":"pa_lauaplaadi-kuju-ovaalne","15":"pa_lauaplaadi-materjal-lakitud-mdf","16":"pa_lauaplaadi-materjal-lamineeritud-mdf","17":"pa_maximum-pikkus-4207","18":"pa_pakkide-arv-226","19":"pa_pikendatav-jah","20":"pa_stiil-skandinaavia","21":"pa_sugavus-4084","22":"pa_vahelaos-jah","23":"pa_varv-tamm","24":"pa_varv-valge","26":"first","27":"instock","28":"sale","29":"purchasable","30":"product-type-simple"},"_links":{"self":[{"href":"https:\/\/www.nordi.ee\/en\/wp-json\/wp\/v2\/product\/24711","targetHints":{"allow":["GET"]}}],"collection":[{"href":"https:\/\/www.nordi.ee\/en\/wp-json\/wp\/v2\/product"}],"about":[{"href":"https:\/\/www.nordi.ee\/en\/wp-json\/wp\/v2\/types\/product"}],"replies":[{"embeddable":true,"href":"https:\/\/www.nordi.ee\/en\/wp-json\/wp\/v2\/comments?post=24711"}],"wp:featuredmedia":[{"embeddable":true,"href":"https:\/\/www.nordi.ee\/en\/wp-json\/wp\/v2\/media\/11822"}],"wp:attachment":[{"href":"https:\/\/www.nordi.ee\/en\/wp-json\/wp\/v2\/media?parent=24711"}],"wp:term":[{"taxonomy":"product_brand","embeddable":true,"href":"https:\/\/www.nordi.ee\/en\/wp-json\/wp\/v2\/product_brand?post=24711"},{"taxonomy":"product_cat","embeddable":true,"href":"https:\/\/www.nordi.ee\/en\/wp-json\/wp\/v2\/product_cat?post=24711"},{"taxonomy":"product_tag","embeddable":true,"href":"https:\/\/www.nordi.ee\/en\/wp-json\/wp\/v2\/product_tag?post=24711"}],"curies":[{"name":"wp","href":"https:\/\/api.w.org\/{rel}","templated":true}]}}