{"id":24701,"date":"2025-11-11T20:05:29","date_gmt":"2025-11-11T18:05:29","guid":{"rendered":"https:\/\/www.nordi.ee\/toode\/laud-belario\/"},"modified":"2026-04-13T05:02:24","modified_gmt":"2026-04-13T02:02:24","slug":"laud-belario","status":"publish","type":"product","link":"https:\/\/www.nordi.ee\/en\/toode\/laud-belario\/","title":{"rendered":"S\u00f6\u00f6gilaud BELARIO"},"content":{"rendered":"<p>m\u00f5\u00f5tmed: 180\/90\/76 cm, materjal: laminaat MDF \/ pulberkattega teras, v\u00e4rv: pealmine &#8211; maal\u00e4hedane p\u00e4hkel, jalad &#8211; mustad<\/p>\n","protected":false},"excerpt":{"rendered":"<p>m\u00f5\u00f5tmed: 180\/90\/76 cm, materjal: laminaat MDF \/ pulberkattega teras, v\u00e4rv: pealmine &#8211; maal\u00e4hedane p\u00e4hkel, jalad &#8211; mustad<\/p>\n","protected":false},"featured_media":11818,"comment_status":"closed","ping_status":"closed","template":"","meta":{"_gspb_post_css":""},"product_brand":[],"product_cat":[190,167],"product_tag":[],"class_list":{"0":"post-24701","1":"product","2":"type-product","3":"status-publish","4":"has-post-thumbnail","6":"product_cat-soogilauad","7":"product_cat-soogituba","8":"pa_vahelaos-ei","10":"first","11":"instock","12":"sale","13":"purchasable","14":"product-type-simple"},"_links":{"self":[{"href":"https:\/\/www.nordi.ee\/en\/wp-json\/wp\/v2\/product\/24701","targetHints":{"allow":["GET"]}}],"collection":[{"href":"https:\/\/www.nordi.ee\/en\/wp-json\/wp\/v2\/product"}],"about":[{"href":"https:\/\/www.nordi.ee\/en\/wp-json\/wp\/v2\/types\/product"}],"replies":[{"embeddable":true,"href":"https:\/\/www.nordi.ee\/en\/wp-json\/wp\/v2\/comments?post=24701"}],"wp:featuredmedia":[{"embeddable":true,"href":"https:\/\/www.nordi.ee\/en\/wp-json\/wp\/v2\/media\/11818"}],"wp:attachment":[{"href":"https:\/\/www.nordi.ee\/en\/wp-json\/wp\/v2\/media?parent=24701"}],"wp:term":[{"taxonomy":"product_brand","embeddable":true,"href":"https:\/\/www.nordi.ee\/en\/wp-json\/wp\/v2\/product_brand?post=24701"},{"taxonomy":"product_cat","embeddable":true,"href":"https:\/\/www.nordi.ee\/en\/wp-json\/wp\/v2\/product_cat?post=24701"},{"taxonomy":"product_tag","embeddable":true,"href":"https:\/\/www.nordi.ee\/en\/wp-json\/wp\/v2\/product_tag?post=24701"}],"curies":[{"name":"wp","href":"https:\/\/api.w.org\/{rel}","templated":true}]}}