{"id":24692,"date":"2025-11-11T20:05:29","date_gmt":"2025-11-11T18:05:29","guid":{"rendered":"https:\/\/www.nordi.ee\/toode\/soogilaud-belaria-pahkel\/"},"modified":"2026-04-13T05:02:23","modified_gmt":"2026-04-13T02:02:23","slug":"soogilaud-belaria-pahkel","status":"publish","type":"product","link":"https:\/\/www.nordi.ee\/en\/toode\/soogilaud-belaria-pahkel\/","title":{"rendered":"S\u00f6\u00f6gilaud BELARIA, p\u00e4hkel"},"content":{"rendered":"<p>m\u00f5\u00f5dud: diameeter 120\/76 cm, materjal: MDF + naturaalne furnier, v\u00e4rv: pinda &#8211; p\u00e4hkel, jalad &#8211; p\u00e4hkel<\/p>\n","protected":false},"excerpt":{"rendered":"<p>m\u00f5\u00f5dud: diameeter 120\/76 cm, materjal: MDF + naturaalne furnier, v\u00e4rv: pinda &#8211; p\u00e4hkel, jalad &#8211; p\u00e4hkel<\/p>\n","protected":false},"featured_media":11814,"comment_status":"closed","ping_status":"open","template":"","meta":{"_gspb_post_css":""},"product_brand":[],"product_cat":[190,167],"product_tag":[],"class_list":{"0":"post-24692","1":"product","2":"type-product","3":"status-publish","4":"has-post-thumbnail","6":"product_cat-soogilauad","7":"product_cat-soogituba","8":"pa_jalgade-arv-869","9":"pa_korgus-406","10":"pa_laius-286","11":"pa_laua-suurus-4-person","12":"pa_laua-varvus-pahkel","13":"pa_laua-varvus-pruun","14":"pa_laua-viimistlus-matt","15":"pa_lauaplaadi-kuju-ummargune","16":"pa_lauaplaadi-materjal-spoon","17":"pa_pakkide-arv-295","18":"pa_pikendatav-ei","19":"pa_raami-materjal-mdf","20":"pa_stiil-kaasaegne","21":"pa_sugavus-1832","22":"pa_vahelaos-jah","23":"pa_varv-must","24":"pa_varv-pahkel","26":"first","27":"instock","28":"sale","29":"purchasable","30":"product-type-simple"},"_links":{"self":[{"href":"https:\/\/www.nordi.ee\/en\/wp-json\/wp\/v2\/product\/24692","targetHints":{"allow":["GET"]}}],"collection":[{"href":"https:\/\/www.nordi.ee\/en\/wp-json\/wp\/v2\/product"}],"about":[{"href":"https:\/\/www.nordi.ee\/en\/wp-json\/wp\/v2\/types\/product"}],"replies":[{"embeddable":true,"href":"https:\/\/www.nordi.ee\/en\/wp-json\/wp\/v2\/comments?post=24692"}],"wp:featuredmedia":[{"embeddable":true,"href":"https:\/\/www.nordi.ee\/en\/wp-json\/wp\/v2\/media\/11814"}],"wp:attachment":[{"href":"https:\/\/www.nordi.ee\/en\/wp-json\/wp\/v2\/media?parent=24692"}],"wp:term":[{"taxonomy":"product_brand","embeddable":true,"href":"https:\/\/www.nordi.ee\/en\/wp-json\/wp\/v2\/product_brand?post=24692"},{"taxonomy":"product_cat","embeddable":true,"href":"https:\/\/www.nordi.ee\/en\/wp-json\/wp\/v2\/product_cat?post=24692"},{"taxonomy":"product_tag","embeddable":true,"href":"https:\/\/www.nordi.ee\/en\/wp-json\/wp\/v2\/product_tag?post=24692"}],"curies":[{"name":"wp","href":"https:\/\/api.w.org\/{rel}","templated":true}]}}